{"id":1649,"date":"2016-02-17T09:57:20","date_gmt":"2016-02-17T07:57:20","guid":{"rendered":"https:\/\/etecmed.com\/product\/taburete-sin-respaldo\/"},"modified":"2024-10-25T11:43:13","modified_gmt":"2024-10-25T09:43:13","slug":"taburete-sin-respaldo","status":"publish","type":"product","link":"https:\/\/etecmed.com\/ca\/producte\/taburete-sin-respaldo\/","title":{"rendered":"Tamboret sense respatller"},"content":{"rendered":"<p>Base en color negre amb tapisseria blanca al seient.<\/p>\n<p>Peu molt ferm amb 5 rodes en estrella.<\/p>\n<p>Bomba elevadora de gas.<\/p>\n<p>Al\u00e7ada m\u00ednima: 45 cm<\/p>\n<p>Al\u00e7ada m\u00e0xima: 63 cm<\/p>\n<p>Mides seient: 33&#215;7 cm<\/p>\n<p>&nbsp;<\/p>\n","protected":false},"excerpt":{"rendered":"<p>Base en color negre amb tapisseria blanca al seient. Peu molt ferm amb 5 rodes en estrella. Bomba elevadora de gas. Al\u00e7ada m\u00ednima: 45 cm Al\u00e7ada m\u00e0xima: 63 cm Mides seient: 33&#215;7 cm &nbsp;<\/p>\n","protected":false},"featured_media":1143,"template":"","meta":[],"product_brand":[],"product_cat":[255],"product_tag":[265,282,284,355,356],"class_list":{"0":"post-1649","1":"product","2":"type-product","3":"status-publish","4":"has-post-thumbnail","6":"product_cat-mobiliari","7":"product_tag-estetica-ca","8":"product_tag-mobiliario-ca","9":"product_tag-peluqueria-ca","10":"product_tag-taburete-ca","11":"product_tag-taburete-blanco-ca","12":"description-off","14":"first","15":"instock","16":"taxable","17":"shipping-taxable","18":"purchasable","19":"product-type-simple"},"_links":{"self":[{"href":"https:\/\/etecmed.com\/ca\/wp-json\/wp\/v2\/product\/1649","targetHints":{"allow":["GET"]}}],"collection":[{"href":"https:\/\/etecmed.com\/ca\/wp-json\/wp\/v2\/product"}],"about":[{"href":"https:\/\/etecmed.com\/ca\/wp-json\/wp\/v2\/types\/product"}],"wp:featuredmedia":[{"embeddable":true,"href":"https:\/\/etecmed.com\/ca\/wp-json\/wp\/v2\/media\/1143"}],"wp:attachment":[{"href":"https:\/\/etecmed.com\/ca\/wp-json\/wp\/v2\/media?parent=1649"}],"wp:term":[{"taxonomy":"product_brand","embeddable":true,"href":"https:\/\/etecmed.com\/ca\/wp-json\/wp\/v2\/product_brand?post=1649"},{"taxonomy":"product_cat","embeddable":true,"href":"https:\/\/etecmed.com\/ca\/wp-json\/wp\/v2\/product_cat?post=1649"},{"taxonomy":"product_tag","embeddable":true,"href":"https:\/\/etecmed.com\/ca\/wp-json\/wp\/v2\/product_tag?post=1649"}],"curies":[{"name":"wp","href":"https:\/\/api.w.org\/{rel}","templated":true}]}}