{"id":1648,"date":"2016-02-17T10:04:43","date_gmt":"2016-02-17T08:04:43","guid":{"rendered":"https:\/\/etecmed.com\/product\/taburete-con-respaldo\/"},"modified":"2024-10-25T11:59:18","modified_gmt":"2024-10-25T09:59:18","slug":"taburete-con-respaldo","status":"publish","type":"product","link":"https:\/\/etecmed.com\/ca\/producte\/taburete-con-respaldo\/","title":{"rendered":"Tamboret amb respatller"},"content":{"rendered":"<p>Base metal\u00b7litzada amb tapisseria blanca.<\/p>\n<p>Peu molt ferm amb 5 rodes en estrella.<\/p>\n<p>Bomba elevadora de gas.<\/p>\n<p>&nbsp;<\/p>\n<p>Al\u00e7ada m\u00e0xima: 69 cm<\/p>\n<p>Al\u00e7ada m\u00ednima: 55 cm<\/p>\n<p>Mida seient: 35 cm (di\u00e0metre)<\/p>\n<p>Mida respatller: 33&#215;17 cm<\/p>\n<p>&nbsp;<\/p>\n","protected":false},"excerpt":{"rendered":"<p>Base metal\u00b7litzada amb tapisseria blanca. Peu molt ferm amb 5 rodes en estrella. Bomba elevadora de gas. &nbsp; Al\u00e7ada m\u00e0xima: 69 cm Al\u00e7ada m\u00ednima: 55 cm Mida seient: 35 cm (di\u00e0metre) Mida respatller: 33&#215;17 cm &nbsp;<\/p>\n","protected":false},"featured_media":1141,"template":"","meta":[],"product_brand":[],"product_cat":[255],"product_tag":[265,281,282,284,355,356],"class_list":{"0":"post-1648","1":"product","2":"type-product","3":"status-publish","4":"has-post-thumbnail","6":"product_cat-mobiliari","7":"product_tag-estetica-ca","8":"product_tag-manicura-ca","9":"product_tag-mobiliario-ca","10":"product_tag-peluqueria-ca","11":"product_tag-taburete-ca","12":"product_tag-taburete-blanco-ca","13":"description-off","15":"first","16":"instock","17":"taxable","18":"shipping-taxable","19":"purchasable","20":"product-type-simple"},"_links":{"self":[{"href":"https:\/\/etecmed.com\/ca\/wp-json\/wp\/v2\/product\/1648","targetHints":{"allow":["GET"]}}],"collection":[{"href":"https:\/\/etecmed.com\/ca\/wp-json\/wp\/v2\/product"}],"about":[{"href":"https:\/\/etecmed.com\/ca\/wp-json\/wp\/v2\/types\/product"}],"wp:featuredmedia":[{"embeddable":true,"href":"https:\/\/etecmed.com\/ca\/wp-json\/wp\/v2\/media\/1141"}],"wp:attachment":[{"href":"https:\/\/etecmed.com\/ca\/wp-json\/wp\/v2\/media?parent=1648"}],"wp:term":[{"taxonomy":"product_brand","embeddable":true,"href":"https:\/\/etecmed.com\/ca\/wp-json\/wp\/v2\/product_brand?post=1648"},{"taxonomy":"product_cat","embeddable":true,"href":"https:\/\/etecmed.com\/ca\/wp-json\/wp\/v2\/product_cat?post=1648"},{"taxonomy":"product_tag","embeddable":true,"href":"https:\/\/etecmed.com\/ca\/wp-json\/wp\/v2\/product_tag?post=1648"}],"curies":[{"name":"wp","href":"https:\/\/api.w.org\/{rel}","templated":true}]}}