{"id":1646,"date":"2016-02-17T10:10:06","date_gmt":"2016-02-17T08:10:06","guid":{"rendered":"https:\/\/etecmed.com\/product\/soporte-pie-pedicura\/"},"modified":"2024-10-25T12:41:59","modified_gmt":"2024-10-25T10:41:59","slug":"soporte-pie-pedicura","status":"publish","type":"product","link":"https:\/\/etecmed.com\/ca\/producte\/soporte-pie-pedicura\/","title":{"rendered":"Suport peu pedicura"},"content":{"rendered":"<p>Peu d&#8217;al\u00e7ada graduable.<\/p>\n<p>Al\u00e7ada m\u00ednima: 48 cm<\/p>\n<p>Al\u00e7ada m\u00e0xima: 75 cm<\/p>\n<p>Mida peu: 32,5&#215;30 cm<\/p>\n<p>Mida coix\u00ed: 24&#215;16,5&#215;9 cm<\/p>\n","protected":false},"excerpt":{"rendered":"<p>Peu d&#8217;al\u00e7ada graduable. Al\u00e7ada m\u00ednima: 48 cm Al\u00e7ada m\u00e0xima: 75 cm Mida peu: 32,5&#215;30 cm Mida coix\u00ed: 24&#215;16,5&#215;9 cm<\/p>\n","protected":false},"featured_media":1139,"template":"","meta":[],"product_brand":[],"product_cat":[255],"product_tag":[265,283,284,352],"class_list":{"0":"post-1646","1":"product","2":"type-product","3":"status-publish","4":"has-post-thumbnail","6":"product_cat-mobiliari","7":"product_tag-estetica-ca","8":"product_tag-pedicura-ca","9":"product_tag-peluqueria-ca","10":"product_tag-podologia-ca","11":"description-off","13":"first","14":"outofstock","15":"taxable","16":"shipping-taxable","17":"purchasable","18":"product-type-simple"},"_links":{"self":[{"href":"https:\/\/etecmed.com\/ca\/wp-json\/wp\/v2\/product\/1646","targetHints":{"allow":["GET"]}}],"collection":[{"href":"https:\/\/etecmed.com\/ca\/wp-json\/wp\/v2\/product"}],"about":[{"href":"https:\/\/etecmed.com\/ca\/wp-json\/wp\/v2\/types\/product"}],"wp:featuredmedia":[{"embeddable":true,"href":"https:\/\/etecmed.com\/ca\/wp-json\/wp\/v2\/media\/1139"}],"wp:attachment":[{"href":"https:\/\/etecmed.com\/ca\/wp-json\/wp\/v2\/media?parent=1646"}],"wp:term":[{"taxonomy":"product_brand","embeddable":true,"href":"https:\/\/etecmed.com\/ca\/wp-json\/wp\/v2\/product_brand?post=1646"},{"taxonomy":"product_cat","embeddable":true,"href":"https:\/\/etecmed.com\/ca\/wp-json\/wp\/v2\/product_cat?post=1646"},{"taxonomy":"product_tag","embeddable":true,"href":"https:\/\/etecmed.com\/ca\/wp-json\/wp\/v2\/product_tag?post=1646"}],"curies":[{"name":"wp","href":"https:\/\/api.w.org\/{rel}","templated":true}]}}