{"id":1643,"date":"2016-02-18T13:58:41","date_gmt":"2016-02-18T11:58:41","guid":{"rendered":"https:\/\/etecmed.com\/product\/ultrasonidos-nv-203\/"},"modified":"2025-08-01T00:06:41","modified_gmt":"2025-07-31T22:06:41","slug":"ultrasons-nv-203","status":"publish","type":"product","link":"https:\/\/etecmed.com\/ca\/producte\/ultrasons-nv-203\/","title":{"rendered":"Ultrasons NV-203"},"content":{"rendered":"<p>Els ultrasons pertanyen als sistemes de diat\u00e8rmia utilitzats per a termoter\u00e0pia per conversi\u00f3 d&#8217;energia ac\u00fastica (vibracions sonores) en energia t\u00e8rmica.<\/p>\n<p>Ajuda a l&#8217;absorci\u00f3 dels productes aplicats a la pell amb la particularitat de no quedar limitada l&#8217;absorci\u00f3 a la polaritat dels ions (+\/-), aigua soluble o medicaci\u00f3.<\/p>\n<p>En productes, dels quals l&#8217;absorci\u00f3 es genera per fricci\u00f3, l&#8217;absorci\u00f3 \u00e9s m\u00e9s gran.<\/p>\n<p>Fa desapar\u00e8ixer l&#8217;epidermis vermellosa i suavitza les varius.<\/p>\n<p>Ajuda en el tractament antiacn\u00e9.<\/p>\n<p>Ajuda en tractaments de pigmentaci\u00f3 de la pell.<\/p>\n<p>Elimina i prev\u00e9 la formaci\u00f3 d&#8217;arrugues, excel\u00b7lent com a l\u00edfting facial.<\/p>\n<p>Suavitza l&#8217;epidermis mitjan\u00e7ant el massatge obtenint un aspecte i teixit delicat i suau.<\/p>\n<p>Elimina la cel\u00b7lulitis.<\/p>\n<p>&nbsp;<\/p>\n<p><strong>Cont\u00e9:<\/strong><\/p>\n<p>Aparell d&#8217;Ultrasons<\/p>\n<p>2 cap\u00e7als (facial\/ corporal i comissures)<\/p>\n<p>1 safata per a posar els electrodes<\/p>\n<p>&nbsp;<\/p>\n<p><strong>Caracter\u00edstiques t\u00e8cniques de l&#8217;aparell:<\/strong><\/p>\n<p>Freq\u00fc\u00e8ncia: 1.1 MHz<\/p>\n<p>Modes de treball: Continu o polsat<\/p>\n<p>Pot\u00e8ncia: 0-1.8 Watt\/cm2 (J)<\/p>\n<p>Mides de l&#8217;aparell: 28.5x30x15 cm<\/p>\n","protected":false},"excerpt":{"rendered":"<p>Els ultrasons pertanyen als sistemes de diat\u00e8rmia utilitzats per a termoter\u00e0pia per conversi\u00f3 d&#8217;energia ac\u00fastica (vibracions sonores) en energia t\u00e8rmica. Ajuda a l&#8217;absorci\u00f3 dels productes aplicats a la pell amb la particularitat de no quedar limitada l&#8217;absorci\u00f3 a la polaritat dels ions (+\/-), aigua soluble o medicaci\u00f3. En productes, dels quals l&#8217;absorci\u00f3 es genera per&hellip;<\/p>\n","protected":false},"featured_media":1135,"template":"","meta":[],"product_brand":[],"product_cat":[249],"product_tag":[342,265,343,344,345],"class_list":{"0":"post-1643","1":"product","2":"type-product","3":"status-publish","4":"has-post-thumbnail","6":"product_cat-equips-estetica","7":"product_tag-celulitis-ca","8":"product_tag-estetica-ca","9":"product_tag-fisoterapeuta-ca","10":"product_tag-lifting-facial-ca","11":"product_tag-ultrasonidos-ca","12":"description-off","14":"first","15":"instock","16":"taxable","17":"shipping-taxable","18":"purchasable","19":"product-type-simple"},"_links":{"self":[{"href":"https:\/\/etecmed.com\/ca\/wp-json\/wp\/v2\/product\/1643","targetHints":{"allow":["GET"]}}],"collection":[{"href":"https:\/\/etecmed.com\/ca\/wp-json\/wp\/v2\/product"}],"about":[{"href":"https:\/\/etecmed.com\/ca\/wp-json\/wp\/v2\/types\/product"}],"wp:featuredmedia":[{"embeddable":true,"href":"https:\/\/etecmed.com\/ca\/wp-json\/wp\/v2\/media\/1135"}],"wp:attachment":[{"href":"https:\/\/etecmed.com\/ca\/wp-json\/wp\/v2\/media?parent=1643"}],"wp:term":[{"taxonomy":"product_brand","embeddable":true,"href":"https:\/\/etecmed.com\/ca\/wp-json\/wp\/v2\/product_brand?post=1643"},{"taxonomy":"product_cat","embeddable":true,"href":"https:\/\/etecmed.com\/ca\/wp-json\/wp\/v2\/product_cat?post=1643"},{"taxonomy":"product_tag","embeddable":true,"href":"https:\/\/etecmed.com\/ca\/wp-json\/wp\/v2\/product_tag?post=1643"}],"curies":[{"name":"wp","href":"https:\/\/api.w.org\/{rel}","templated":true}]}}