{"id":1636,"date":"2020-05-12T13:44:57","date_gmt":"2020-05-12T11:44:57","guid":{"rendered":"https:\/\/etecmed.com\/product\/fresa-de-ceramica-barril-m\/"},"modified":"2024-10-22T17:08:58","modified_gmt":"2024-10-22T15:08:58","slug":"fresa-de-ceramica-barril-m","status":"publish","type":"product","link":"https:\/\/etecmed.com\/ca\/producte\/fresa-de-ceramica-barril-m\/","title":{"rendered":"Fresa de cer\u00e0mica barril \u03a63.0 mm (M)"},"content":{"rendered":"<p>Especial per l&#8217;\u00e0rea de cut\u00edcula.<\/p>\n<p>Permet enretirar sense dificultat tot tipus de material: acr\u00edlics, esmalts, esmalts semipermanents i gels.<\/p>\n<p>Forma: Barril<\/p>\n<p>Mides: \u03a63.0&#215;15.0x38.0 mm<\/p>\n<p>Presentaci\u00f3: 1 unitat<\/p>\n","protected":false},"excerpt":{"rendered":"<p>Especial per l&#8217;\u00e0rea de cut\u00edcula. Permet enretirar sense dificultat tot tipus de material: acr\u00edlics, esmalts, esmalts semipermanents i gels. Forma: Barril Mides: \u03a63.0&#215;15.0&#215;38.0 mm Presentaci\u00f3: 1 unitat<\/p>\n","protected":false},"featured_media":1273,"template":"","meta":[],"product_brand":[],"product_cat":[251],"product_tag":[265,322,325,323,324,284],"class_list":{"0":"post-1636","1":"product","2":"type-product","3":"status-publish","4":"has-post-thumbnail","6":"product_cat-freses-per-a-micromotors","7":"product_tag-estetica-ca","8":"product_tag-fresas-manicura-ca","9":"product_tag-fresas-micromotores-ca","10":"product_tag-fresas-pedicura-ca","11":"product_tag-micromotores-ca","12":"product_tag-peluqueria-ca","13":"description-off","15":"first","16":"instock","17":"taxable","18":"shipping-taxable","19":"purchasable","20":"product-type-simple"},"_links":{"self":[{"href":"https:\/\/etecmed.com\/ca\/wp-json\/wp\/v2\/product\/1636","targetHints":{"allow":["GET"]}}],"collection":[{"href":"https:\/\/etecmed.com\/ca\/wp-json\/wp\/v2\/product"}],"about":[{"href":"https:\/\/etecmed.com\/ca\/wp-json\/wp\/v2\/types\/product"}],"wp:featuredmedia":[{"embeddable":true,"href":"https:\/\/etecmed.com\/ca\/wp-json\/wp\/v2\/media\/1273"}],"wp:attachment":[{"href":"https:\/\/etecmed.com\/ca\/wp-json\/wp\/v2\/media?parent=1636"}],"wp:term":[{"taxonomy":"product_brand","embeddable":true,"href":"https:\/\/etecmed.com\/ca\/wp-json\/wp\/v2\/product_brand?post=1636"},{"taxonomy":"product_cat","embeddable":true,"href":"https:\/\/etecmed.com\/ca\/wp-json\/wp\/v2\/product_cat?post=1636"},{"taxonomy":"product_tag","embeddable":true,"href":"https:\/\/etecmed.com\/ca\/wp-json\/wp\/v2\/product_tag?post=1636"}],"curies":[{"name":"wp","href":"https:\/\/api.w.org\/{rel}","templated":true}]}}