{"id":1629,"date":"2020-05-12T13:58:53","date_gmt":"2020-05-12T11:58:53","guid":{"rendered":"https:\/\/etecmed.com\/product\/fresa-de-ceramica-cilindrica-punta-redonda-m\/"},"modified":"2024-10-23T14:14:14","modified_gmt":"2024-10-23T12:14:14","slug":"fresa-de-ceramica-cilindrica-punta-rodona-m","status":"publish","type":"product","link":"https:\/\/etecmed.com\/ca\/producte\/fresa-de-ceramica-cilindrica-punta-rodona-m\/","title":{"rendered":"Fresa de cer\u00e0mica micr\u00f2fon \u03a66.0mm (M)"},"content":{"rendered":"<p>Permet enretirar sense dificultat tot tipus de material: acr\u00edlics, esmalts, esmalts semipermanents i gels.<\/p>\n<p>Especial per a la major part de la superf\u00edcie de l&#8217;ungla.<\/p>\n<p>Forma: Micr\u00f2fon<\/p>\n<p>Medidas: \u03a66.0&#215;13.0x38.0 mm<\/p>\n<p>Presentaci\u00f3: 1 unitat<\/p>\n","protected":false},"excerpt":{"rendered":"<p>Permet enretirar sense dificultat tot tipus de material: acr\u00edlics, esmalts, esmalts semipermanents i gels. Especial per a la major part de la superf\u00edcie de l&#8217;ungla. Forma: Micr\u00f2fon Medidas: \u03a66.0&#215;13.0&#215;38.0 mm Presentaci\u00f3: 1 unitat<\/p>\n","protected":false},"featured_media":1279,"template":"","meta":[],"product_brand":[],"product_cat":[251],"product_tag":[265,322,325,323,324,284],"class_list":{"0":"post-1629","1":"product","2":"type-product","3":"status-publish","4":"has-post-thumbnail","6":"product_cat-freses-per-a-micromotors","7":"product_tag-estetica-ca","8":"product_tag-fresas-manicura-ca","9":"product_tag-fresas-micromotores-ca","10":"product_tag-fresas-pedicura-ca","11":"product_tag-micromotores-ca","12":"product_tag-peluqueria-ca","13":"description-off","15":"first","16":"instock","17":"taxable","18":"shipping-taxable","19":"purchasable","20":"product-type-simple"},"_links":{"self":[{"href":"https:\/\/etecmed.com\/ca\/wp-json\/wp\/v2\/product\/1629","targetHints":{"allow":["GET"]}}],"collection":[{"href":"https:\/\/etecmed.com\/ca\/wp-json\/wp\/v2\/product"}],"about":[{"href":"https:\/\/etecmed.com\/ca\/wp-json\/wp\/v2\/types\/product"}],"wp:featuredmedia":[{"embeddable":true,"href":"https:\/\/etecmed.com\/ca\/wp-json\/wp\/v2\/media\/1279"}],"wp:attachment":[{"href":"https:\/\/etecmed.com\/ca\/wp-json\/wp\/v2\/media?parent=1629"}],"wp:term":[{"taxonomy":"product_brand","embeddable":true,"href":"https:\/\/etecmed.com\/ca\/wp-json\/wp\/v2\/product_brand?post=1629"},{"taxonomy":"product_cat","embeddable":true,"href":"https:\/\/etecmed.com\/ca\/wp-json\/wp\/v2\/product_cat?post=1629"},{"taxonomy":"product_tag","embeddable":true,"href":"https:\/\/etecmed.com\/ca\/wp-json\/wp\/v2\/product_tag?post=1629"}],"curies":[{"name":"wp","href":"https:\/\/api.w.org\/{rel}","templated":true}]}}