{"id":1626,"date":"2020-05-14T13:43:22","date_gmt":"2020-05-14T11:43:22","guid":{"rendered":"https:\/\/etecmed.com\/product\/presoterapia-st-2\/"},"modified":"2024-10-22T15:08:15","modified_gmt":"2024-10-22T13:08:15","slug":"pressoterapia-st-2","status":"publish","type":"product","link":"https:\/\/etecmed.com\/ca\/producte\/pressoterapia-st-2\/","title":{"rendered":"Pressoter\u00e0pia ST"},"content":{"rendered":"<p>La Pressoter\u00e0pia \u00e9s una t\u00e8cnica utilitzada en est\u00e8tica, medicina est\u00e8tica, fisioter\u00e0pia.<br \/>\nL&#8217;objectiu d&#8217;un tractament amb pressoter\u00e0pia \u00e9s millorar problemes que afecten a homes i dones, com ara:<br \/>\n&#8211; Reducci\u00f3 de la cel\u00b7lulitis<br \/>\n&#8211; Eliminaci\u00f3 de toxines<br \/>\n&#8211; Modelatge del cos<br \/>\n&#8211; Tonificaci\u00f3 muscular<br \/>\n&#8211; Aprimament corporal<br \/>\n&#8211; Drenatge limf\u00e0tic<br \/>\n&#8211; Relaxaci\u00f3 total corporal<br \/>\n&#8211; Reafirmant corporal<\/p>\n<p>Les compressions i depressions exercides en la part tractada afavoreixen el retorn ven\u00f3s, dinamitzen la circulaci\u00f3 sangu\u00ednia i limf\u00e0tica.<\/p>\n<p>&nbsp;<\/p>\n<p><strong>Pressions:<\/strong><\/p>\n<p>Nivell F: 90 nmHg<\/p>\n<p>Nivell M: 60 nmHg<\/p>\n<p>Nivell S: 20 nmHg<\/p>\n<p>&nbsp;<\/p>\n<p><strong>Cont\u00e9:<\/strong><\/p>\n<p>Aparell &#8211; panell de control de Pressoter\u00e0pia<\/p>\n<p>Inflables: 2 botes perneres, 1 abdomen i 2 bra\u00e7os<\/p>\n<p>Tubs de connexi\u00f3 de l&#8217;aparell als inflables<\/p>\n<p>&nbsp;<\/p>\n<p><strong>Caracter\u00edstiques de l&#8217;aparell:<\/strong><\/p>\n<p>Consum: 70W<\/p>\n<p>Mides de l&#8217;aparell: 38x30x22.5 cm<\/p>\n<p>&nbsp;<\/p>\n<p>&nbsp;<\/p>\n<p>&nbsp;<\/p>\n","protected":false},"excerpt":{"rendered":"<p>La Pressoter\u00e0pia \u00e9s una t\u00e8cnica utilitzada en est\u00e8tica, medicina est\u00e8tica, fisioter\u00e0pia. L&#8217;objectiu d&#8217;un tractament amb pressoter\u00e0pia \u00e9s millorar problemes que afecten a homes i dones, com ara: &#8211; Reducci\u00f3 de la cel\u00b7lulitis &#8211; Eliminaci\u00f3 de toxines &#8211; Modelatge del cos &#8211; Tonificaci\u00f3 muscular &#8211; Aprimament corporal &#8211; Drenatge limf\u00e0tic &#8211; Relaxaci\u00f3 total corporal &#8211; Reafirmant&hellip;<\/p>\n","protected":false},"featured_media":1389,"template":"","meta":[],"product_brand":[],"product_cat":[249],"product_tag":[315,316,265,267,317],"class_list":{"0":"post-1626","1":"product","2":"type-product","3":"status-publish","4":"has-post-thumbnail","6":"product_cat-equips-estetica","7":"product_tag-bienestar-ca","8":"product_tag-drenaje-linfatico-ca","9":"product_tag-estetica-ca","10":"product_tag-masaje-ca","11":"product_tag-presoterapia-ca","12":"description-off","14":"first","15":"instock","16":"taxable","17":"shipping-taxable","18":"purchasable","19":"product-type-simple"},"_links":{"self":[{"href":"https:\/\/etecmed.com\/ca\/wp-json\/wp\/v2\/product\/1626","targetHints":{"allow":["GET"]}}],"collection":[{"href":"https:\/\/etecmed.com\/ca\/wp-json\/wp\/v2\/product"}],"about":[{"href":"https:\/\/etecmed.com\/ca\/wp-json\/wp\/v2\/types\/product"}],"wp:featuredmedia":[{"embeddable":true,"href":"https:\/\/etecmed.com\/ca\/wp-json\/wp\/v2\/media\/1389"}],"wp:attachment":[{"href":"https:\/\/etecmed.com\/ca\/wp-json\/wp\/v2\/media?parent=1626"}],"wp:term":[{"taxonomy":"product_brand","embeddable":true,"href":"https:\/\/etecmed.com\/ca\/wp-json\/wp\/v2\/product_brand?post=1626"},{"taxonomy":"product_cat","embeddable":true,"href":"https:\/\/etecmed.com\/ca\/wp-json\/wp\/v2\/product_cat?post=1626"},{"taxonomy":"product_tag","embeddable":true,"href":"https:\/\/etecmed.com\/ca\/wp-json\/wp\/v2\/product_tag?post=1626"}],"curies":[{"name":"wp","href":"https:\/\/api.w.org\/{rel}","templated":true}]}}