{"id":1623,"date":"2020-05-15T13:06:13","date_gmt":"2020-05-15T11:06:13","guid":{"rendered":"https:\/\/etecmed.com\/product\/alta-frecuencia-y-galvanica-nv-302\/"},"modified":"2024-10-22T14:57:53","modified_gmt":"2024-10-22T12:57:53","slug":"alta-frecuencia-y-galvanica-nv-302","status":"publish","type":"product","link":"https:\/\/etecmed.com\/ca\/producte\/alta-frecuencia-y-galvanica-nv-302\/","title":{"rendered":"Alta freq\u00fc\u00e8ncia i Galv\u00e0nica NV-302"},"content":{"rendered":"<p>Alta freq\u00fc\u00e8ncia: acci\u00f3 bactericida i revitalitzant.<\/p>\n<p>Galv\u00e0nica: permet la penetraci\u00f3 de les subst\u00e0ncies actives i tractaments de desincrustaci\u00f3.<\/p>\n<p><strong>Cont\u00e9:<\/strong><\/p>\n<p>Aparell &#8211; panell de control.<\/p>\n<p>Safata per a posar accessoris.<\/p>\n<p>Alta freq\u00fc\u00e8ncia:<\/p>\n<ul>\n<li>1 man\u00edpul per a posar els electrodes<\/li>\n<li>3 electrodes de vidre: bolet, cullereta, punta rodona<\/li>\n<\/ul>\n<p>Galv\u00e0nica:<\/p>\n<ul>\n<li>Electrode barra<\/li>\n<li>Electrode amb 3 cap\u00e7als intercanviables<\/li>\n<\/ul>\n<p><strong>Caracter\u00edstiques t\u00e8cniques de l&#8217;aparell:<\/strong><\/p>\n<p>Consum: 13,5W<\/p>\n<p>Temperatura alta freq\u00fc\u00e8ncia: 5-40\u00baC<\/p>\n<p>Mides de l&#8217;aparell: 28,5x30x15 cm<\/p>\n","protected":false},"excerpt":{"rendered":"<p>Alta freq\u00fc\u00e8ncia: acci\u00f3 bactericida i revitalitzant. Galv\u00e0nica: permet la penetraci\u00f3 de les subst\u00e0ncies actives i tractaments de desincrustaci\u00f3. Cont\u00e9: Aparell &#8211; panell de control. Safata per a posar accessoris. Alta freq\u00fc\u00e8ncia: 1 man\u00edpul per a posar els electrodes 3 electrodes de vidre: bolet, cullereta, punta rodona Galv\u00e0nica: Electrode barra Electrode amb 3 cap\u00e7als intercanviables Caracter\u00edstiques&hellip;<\/p>\n","protected":false},"featured_media":1413,"template":"","meta":[],"product_brand":[],"product_cat":[249],"product_tag":[296,265,297,298,299,300,301,302,303],"class_list":{"0":"post-1623","1":"product","2":"type-product","3":"status-publish","4":"has-post-thumbnail","6":"product_cat-equips-estetica","7":"product_tag-alta-frecuencia-ca","8":"product_tag-estetica-ca","9":"product_tag-exfoliacion-ca","10":"product_tag-facial-ca","11":"product_tag-galvanica-ca","12":"product_tag-germicida-ca","13":"product_tag-hf-ca-2","14":"product_tag-limpieza-ca","15":"product_tag-principios-activos-ca","16":"description-off","18":"first","19":"instock","20":"taxable","21":"shipping-taxable","22":"purchasable","23":"product-type-simple"},"_links":{"self":[{"href":"https:\/\/etecmed.com\/ca\/wp-json\/wp\/v2\/product\/1623","targetHints":{"allow":["GET"]}}],"collection":[{"href":"https:\/\/etecmed.com\/ca\/wp-json\/wp\/v2\/product"}],"about":[{"href":"https:\/\/etecmed.com\/ca\/wp-json\/wp\/v2\/types\/product"}],"wp:featuredmedia":[{"embeddable":true,"href":"https:\/\/etecmed.com\/ca\/wp-json\/wp\/v2\/media\/1413"}],"wp:attachment":[{"href":"https:\/\/etecmed.com\/ca\/wp-json\/wp\/v2\/media?parent=1623"}],"wp:term":[{"taxonomy":"product_brand","embeddable":true,"href":"https:\/\/etecmed.com\/ca\/wp-json\/wp\/v2\/product_brand?post=1623"},{"taxonomy":"product_cat","embeddable":true,"href":"https:\/\/etecmed.com\/ca\/wp-json\/wp\/v2\/product_cat?post=1623"},{"taxonomy":"product_tag","embeddable":true,"href":"https:\/\/etecmed.com\/ca\/wp-json\/wp\/v2\/product_tag?post=1623"}],"curies":[{"name":"wp","href":"https:\/\/api.w.org\/{rel}","templated":true}]}}