{"id":1621,"date":"2020-05-15T13:16:03","date_gmt":"2020-05-15T11:16:03","guid":{"rendered":"https:\/\/etecmed.com\/product\/lampara-led-sobremesa-plateada-e2\/"},"modified":"2024-10-25T12:10:45","modified_gmt":"2024-10-25T10:10:45","slug":"lampada-led-sobretaula-platejada-e2","status":"publish","type":"product","link":"https:\/\/etecmed.com\/ca\/producte\/lampada-led-sobretaula-platejada-e2\/","title":{"rendered":"L\u00e0mpada LED sobretaula platejada E2"},"content":{"rendered":"<p>Caracter\u00edstiques t\u00e8cniques de l&#8217;aparell:<\/p>\n<p>Bra\u00e7 articulable<\/p>\n<p>Estructura d&#8217;alumini<\/p>\n<p>Bot\u00f3 d&#8217;encesa i apagada: ON\/OFF<\/p>\n<p>&nbsp;<\/p>\n<p>Mesures:<\/p>\n<p>Llum: 71 x 30 cm<\/p>\n<p>Base: 21 x 15 cm<\/p>\n<p>&nbsp;<\/p>\n<p>Consum: 12W<\/p>\n<p>Pes: 800g<\/p>\n","protected":false},"excerpt":{"rendered":"<p>Caracter\u00edstiques t\u00e8cniques de l&#8217;aparell: Bra\u00e7 articulable Estructura d&#8217;alumini Bot\u00f3 d&#8217;encesa i apagada: ON\/OFF &nbsp; Mesures: Llum: 71 x 30 cm Base: 21 x 15 cm &nbsp; Consum: 12W Pes: 800g<\/p>\n","protected":false},"featured_media":1415,"template":"","meta":[],"product_brand":[],"product_cat":[255],"product_tag":[279,265,280,281,282,283,284,285,286],"class_list":{"0":"post-1621","1":"product","2":"type-product","3":"status-publish","4":"has-post-thumbnail","6":"product_cat-mobiliari","7":"product_tag-esmalte-semipermanente-ca","8":"product_tag-estetica-ca","9":"product_tag-lampara-ca","10":"product_tag-manicura-ca","11":"product_tag-mobiliario-ca","12":"product_tag-pedicura-ca","13":"product_tag-peluqueria-ca","14":"product_tag-secado-de-gel-ca","15":"product_tag-unas-ca","16":"description-off","18":"first","19":"instock","20":"taxable","21":"shipping-taxable","22":"purchasable","23":"product-type-simple"},"_links":{"self":[{"href":"https:\/\/etecmed.com\/ca\/wp-json\/wp\/v2\/product\/1621","targetHints":{"allow":["GET"]}}],"collection":[{"href":"https:\/\/etecmed.com\/ca\/wp-json\/wp\/v2\/product"}],"about":[{"href":"https:\/\/etecmed.com\/ca\/wp-json\/wp\/v2\/types\/product"}],"wp:featuredmedia":[{"embeddable":true,"href":"https:\/\/etecmed.com\/ca\/wp-json\/wp\/v2\/media\/1415"}],"wp:attachment":[{"href":"https:\/\/etecmed.com\/ca\/wp-json\/wp\/v2\/media?parent=1621"}],"wp:term":[{"taxonomy":"product_brand","embeddable":true,"href":"https:\/\/etecmed.com\/ca\/wp-json\/wp\/v2\/product_brand?post=1621"},{"taxonomy":"product_cat","embeddable":true,"href":"https:\/\/etecmed.com\/ca\/wp-json\/wp\/v2\/product_cat?post=1621"},{"taxonomy":"product_tag","embeddable":true,"href":"https:\/\/etecmed.com\/ca\/wp-json\/wp\/v2\/product_tag?post=1621"}],"curies":[{"name":"wp","href":"https:\/\/api.w.org\/{rel}","templated":true}]}}