{"id":1619,"date":"2020-05-15T13:30:34","date_gmt":"2020-05-15T11:30:34","guid":{"rendered":"https:\/\/etecmed.com\/product\/electroestimulacion-10-4\/"},"modified":"2024-10-22T15:03:06","modified_gmt":"2024-10-22T13:03:06","slug":"electroestimulacio-10-4","status":"publish","type":"product","link":"https:\/\/etecmed.com\/ca\/producte\/electroestimulacio-10-4\/","title":{"rendered":"Electroestimulaci\u00f3 10\/4"},"content":{"rendered":"<p>Estimulaci\u00f3 muscular, modelatge del contorn corporal, etc.<\/p>\n<p>&nbsp;<\/p>\n<p><strong>Cont\u00e9:<\/strong><\/p>\n<p>Aparell d&#8217;electroestimulaci\u00f3<\/p>\n<p>Safata d&#8217;accessoris<\/p>\n<p>Plaques electroestimulaci\u00f3 corporal, 20 unitats<\/p>\n<p>Plaques electroestimulaci\u00f3 pits, 2 unitats<\/p>\n<p>Plaques tens, 8 unitats<\/p>\n<p>Cables electroestimulaci\u00f3\/tens 10 unitats<\/p>\n<p>Bandes subjecci\u00f3 plaques (2 grans, 4 mitjanes i 6 petites)<\/p>\n<p>&nbsp;<\/p>\n<p><strong>Caracter\u00edstiques t\u00e8cniques de l&#8217;aparell:<\/strong><\/p>\n<p>Consum: 25W<\/p>\n<p>Mides de l&#8217;aparell: 40x30x12,5 cm<\/p>\n<p>Pes: 5 kg<\/p>\n","protected":false},"excerpt":{"rendered":"<p>Estimulaci\u00f3 muscular, modelatge del contorn corporal, etc. &nbsp; Cont\u00e9: Aparell d&#8217;electroestimulaci\u00f3 Safata d&#8217;accessoris Plaques electroestimulaci\u00f3 corporal, 20 unitats Plaques electroestimulaci\u00f3 pits, 2 unitats Plaques tens, 8 unitats Cables electroestimulaci\u00f3\/tens 10 unitats Bandes subjecci\u00f3 plaques (2 grans, 4 mitjanes i 6 petites) &nbsp; Caracter\u00edstiques t\u00e8cniques de l&#8217;aparell: Consum: 25W Mides de l&#8217;aparell: 40x30x12,5 cm Pes: 5&hellip;<\/p>\n","protected":false},"featured_media":1417,"template":"","meta":[],"product_brand":[],"product_cat":[249],"product_tag":[262,263,264,265,266,267,268,269],"class_list":{"0":"post-1619","1":"product","2":"type-product","3":"status-publish","4":"has-post-thumbnail","6":"product_cat-equips-estetica","7":"product_tag-corporal-ca","8":"product_tag-corriente-ca","9":"product_tag-electroestimulacion-ca","10":"product_tag-estetica-ca","11":"product_tag-ir-ca-2","12":"product_tag-masaje-ca","13":"product_tag-placas-ca","14":"product_tag-tens-ca","15":"description-off","17":"first","18":"outofstock","19":"taxable","20":"shipping-taxable","21":"purchasable","22":"product-type-simple"},"_links":{"self":[{"href":"https:\/\/etecmed.com\/ca\/wp-json\/wp\/v2\/product\/1619","targetHints":{"allow":["GET"]}}],"collection":[{"href":"https:\/\/etecmed.com\/ca\/wp-json\/wp\/v2\/product"}],"about":[{"href":"https:\/\/etecmed.com\/ca\/wp-json\/wp\/v2\/types\/product"}],"wp:featuredmedia":[{"embeddable":true,"href":"https:\/\/etecmed.com\/ca\/wp-json\/wp\/v2\/media\/1417"}],"wp:attachment":[{"href":"https:\/\/etecmed.com\/ca\/wp-json\/wp\/v2\/media?parent=1619"}],"wp:term":[{"taxonomy":"product_brand","embeddable":true,"href":"https:\/\/etecmed.com\/ca\/wp-json\/wp\/v2\/product_brand?post=1619"},{"taxonomy":"product_cat","embeddable":true,"href":"https:\/\/etecmed.com\/ca\/wp-json\/wp\/v2\/product_cat?post=1619"},{"taxonomy":"product_tag","embeddable":true,"href":"https:\/\/etecmed.com\/ca\/wp-json\/wp\/v2\/product_tag?post=1619"}],"curies":[{"name":"wp","href":"https:\/\/api.w.org\/{rel}","templated":true}]}}