{"id":1562,"date":"2020-06-08T14:20:27","date_gmt":"2020-06-08T12:20:27","guid":{"rendered":"https:\/\/etecmed.com\/?page_id=1562"},"modified":"2023-11-20T12:12:59","modified_gmt":"2023-11-20T10:12:59","slug":"empresa","status":"publish","type":"page","link":"https:\/\/etecmed.com\/ca\/empresa\/","title":{"rendered":"Empresa"},"content":{"rendered":"<div class=\"wpb-content-wrapper\"><p>[vc_row css=&#8221;.vc_custom_1584014636194{padding-top: 60px !important;padding-bottom: 60px !important;}&#8221;][vc_column width=&#8221;1\/2&#8243;]<div id=\"ultimate-heading-121069f1a27e617d0\" class=\"uvc-heading ult-adjust-bottom-margin ultimate-heading-121069f1a27e617d0 uvc-4855 \" data-hspacer=\"line_only\"  data-halign=\"left\" style=\"text-align:left\"><div class=\"uvc-main-heading ult-responsive\"  data-ultimate-target='.uvc-heading.ultimate-heading-121069f1a27e617d0 h3'  data-responsive-json-new='{\"font-size\":\"desktop:30px;\",\"line-height\":\"desktop:60px;\"}' ><h3 style=\"font-family:&#039;Quicksand&#039;;font-weight:700;\">SOBRE NOSALTRES<\/h3><\/div><div class=\"uvc-heading-spacer line_only\" style=\"topheight:5px;\"><span class=\"uvc-headings-line\" style=\"border-style:solid;border-bottom-width:5px;border-color:#75b325;width:100px;\"><\/span><\/div><\/div>[vc_empty_space][vc_column_text]L&#8217;experi\u00e8ncia en el mercat dels components d&#8217;Etecmed, motiva la fundaci\u00f3 d&#8217;aquesta empresa.<br \/>\nAportem aparells i complements de qualitat contrastada en el sector de l&#8217;est\u00e8tica.<br \/>\nObservem i escoltem el mercat de l&#8217;est\u00e8tica per poder oferir el producte adequat. I aix\u00ed, poder procurar un cat\u00e0leg que presenti diversitat d&#8217;equips per a diferents tractaments de bellesa.<br \/>\nEtecmed, juntament amb una \u00e0mplia xarxa de distribu\u00efdors en el sector, ofereix una atenci\u00f3 m\u00e9s personalitzada i pr\u00f2xima a la professional.<br \/>\nSempre present, la nostra voluntat de servei i comprom\u00eds amb el sector de l&#8217;est\u00e8tica.[\/vc_column_text][\/vc_column][vc_column width=&#8221;1\/2&#8243;][vc_single_image image=&#8221;655&#8243; img_size=&#8221;full&#8221; alignment=&#8221;center&#8221;][\/vc_column][\/vc_row][vc_row full_width=&#8221;stretch_row&#8221; css=&#8221;.vc_custom_1584015719036{padding-top: 60px !important;padding-bottom: 60px !important;background-color: #eeeeee !important;}&#8221;][vc_column]<div id=\"ultimate-heading-406069f1a27e618b5\" class=\"uvc-heading ult-adjust-bottom-margin ultimate-heading-406069f1a27e618b5 uvc-4169 \" data-hspacer=\"line_only\"  data-halign=\"center\" style=\"text-align:center\"><div class=\"uvc-main-heading ult-responsive\"  data-ultimate-target='.uvc-heading.ultimate-heading-406069f1a27e618b5 h3'  data-responsive-json-new='{\"font-size\":\"desktop:30px;\",\"line-height\":\"desktop:60px;\"}' ><h3 style=\"font-family:&#039;Quicksand&#039;;font-weight:700;\">\u00bfPER QU\u00c8 TRIAR ETECMED?<\/h3><\/div><div class=\"uvc-heading-spacer line_only\" style=\"topheight:5px;\"><span class=\"uvc-headings-line\" style=\"border-style:solid;border-bottom-width:5px;border-color:#75b325;width:100px;\"><\/span><\/div><\/div>[vc_empty_space][vc_row_inner][vc_column_inner width=&#8221;1\/3&#8243;]<div class=\"aio-icon-component    style_1\"><div id=\"Info-box-wrap-7787\" class=\"aio-icon-box left-icon\" style=\"\"  ><div class=\"aio-icon-left\"><div class=\"ult-just-icon-wrapper  \"><div class=\"align-icon\" style=\"text-align:center;\">\n<div class=\"aio-icon advanced \"  style=\"color:#75b325;background:rgba(255,255,255,0.01);border-style:solid;border-color:#75b325;border-width:5px;width:100px;height:100px;line-height:100px;border-radius:500px;font-size:32px;display:inline-block;\">\n\t<i class=\"fas fa-check-double\"><\/i>\n<\/div><\/div><\/div><\/div><div class=\"aio-ibd-block\"><div class=\"aio-icon-header\" ><h3 class=\"aio-icon-title ult-responsive\"  data-ultimate-target='#Info-box-wrap-7787 .aio-icon-title'  data-responsive-json-new='{\"font-size\":\"\",\"line-height\":\"\"}'  style=\"\">M\u00e9s de 10 anys d\u2019experi\u00e8ncia contrastada en el sector de l\u2019est\u00e8tica<\/h3><\/div> <!-- header --><\/div> <!-- aio-ibd-block --><\/div> <!-- aio-icon-box --><\/div> <!-- aio-icon-component -->[\/vc_column_inner][vc_column_inner width=&#8221;1\/3&#8243;]<div class=\"aio-icon-component    style_1\"><div id=\"Info-box-wrap-9562\" class=\"aio-icon-box left-icon\" style=\"\"  ><div class=\"aio-icon-left\"><div class=\"ult-just-icon-wrapper  \"><div class=\"align-icon\" style=\"text-align:center;\">\n<div class=\"aio-icon advanced \"  style=\"color:#75b325;background:rgba(255,255,255,0.01);border-style:solid;border-color:#75b325;border-width:5px;width:100px;height:100px;line-height:100px;border-radius:500px;font-size:32px;display:inline-block;\">\n\t<i class=\"fas fa-check-double\"><\/i>\n<\/div><\/div><\/div><\/div><div class=\"aio-ibd-block\"><div class=\"aio-icon-header\" ><h3 class=\"aio-icon-title ult-responsive\"  data-ultimate-target='#Info-box-wrap-9562 .aio-icon-title'  data-responsive-json-new='{\"font-size\":\"\",\"line-height\":\"\"}'  style=\"\">Disposem d\u2019un ampli cat\u00e0leg de productes<\/h3><\/div> <!-- header --><\/div> <!-- aio-ibd-block --><\/div> <!-- aio-icon-box --><\/div> <!-- aio-icon-component -->[\/vc_column_inner][vc_column_inner width=&#8221;1\/3&#8243;]<div class=\"aio-icon-component    style_1\"><div id=\"Info-box-wrap-9117\" class=\"aio-icon-box left-icon\" style=\"\"  ><div class=\"aio-icon-left\"><div class=\"ult-just-icon-wrapper  \"><div class=\"align-icon\" style=\"text-align:center;\">\n<div class=\"aio-icon advanced \"  style=\"color:#75b325;background:rgba(255,255,255,0.01);border-style:solid;border-color:#75b325;border-width:5px;width:100px;height:100px;line-height:100px;border-radius:500px;font-size:32px;display:inline-block;\">\n\t<i class=\"fas fa-check-double\"><\/i>\n<\/div><\/div><\/div><\/div><div class=\"aio-ibd-block\"><div class=\"aio-icon-header\" ><h3 class=\"aio-icon-title ult-responsive\"  data-ultimate-target='#Info-box-wrap-9117 .aio-icon-title'  data-responsive-json-new='{\"font-size\":\"\",\"line-height\":\"\"}'  style=\"\">Stock constant de productes que ens permeten servir en menys de 48 hores<\/h3><\/div> <!-- header --><\/div> <!-- aio-ibd-block --><\/div> <!-- aio-icon-box --><\/div> <!-- aio-icon-component -->[\/vc_column_inner][\/vc_row_inner][vc_row_inner][vc_column_inner width=&#8221;1\/3&#8243;]<div class=\"aio-icon-component    style_1\"><div id=\"Info-box-wrap-1412\" class=\"aio-icon-box left-icon\" style=\"\"  ><div class=\"aio-icon-left\"><div class=\"ult-just-icon-wrapper  \"><div class=\"align-icon\" style=\"text-align:center;\">\n<div class=\"aio-icon advanced \"  style=\"color:#75b325;background:rgba(255,255,255,0.01);border-style:solid;border-color:#75b325;border-width:5px;width:100px;height:100px;line-height:100px;border-radius:500px;font-size:32px;display:inline-block;\">\n\t<i class=\"fas fa-check-double\"><\/i>\n<\/div><\/div><\/div><\/div><div class=\"aio-ibd-block\"><div class=\"aio-icon-header\" ><h3 class=\"aio-icon-title ult-responsive\"  data-ultimate-target='#Info-box-wrap-1412 .aio-icon-title'  data-responsive-json-new='{\"font-size\":\"\",\"line-height\":\"\"}'  style=\"\">Garantia i suport t\u00e8cnic en tots els nostres aparells<\/h3><\/div> <!-- header --><\/div> <!-- aio-ibd-block --><\/div> <!-- aio-icon-box --><\/div> <!-- aio-icon-component -->[\/vc_column_inner][vc_column_inner width=&#8221;1\/3&#8243;]<div class=\"aio-icon-component    style_1\"><div id=\"Info-box-wrap-2964\" class=\"aio-icon-box left-icon\" style=\"\"  ><div class=\"aio-icon-left\"><div class=\"ult-just-icon-wrapper  \"><div class=\"align-icon\" style=\"text-align:center;\">\n<div class=\"aio-icon advanced \"  style=\"color:#75b325;background:rgba(255,255,255,0.01);border-style:solid;border-color:#75b325;border-width:5px;width:100px;height:100px;line-height:100px;border-radius:500px;font-size:32px;display:inline-block;\">\n\t<i class=\"fas fa-check-double\"><\/i>\n<\/div><\/div><\/div><\/div><div class=\"aio-ibd-block\"><div class=\"aio-icon-header\" ><h3 class=\"aio-icon-title ult-responsive\"  data-ultimate-target='#Info-box-wrap-2964 .aio-icon-title'  data-responsive-json-new='{\"font-size\":\"\",\"line-height\":\"\"}'  style=\"\">Servei d\u2019atenci\u00f3 al client de DLL-DIV de 09h a 18h<\/h3><\/div> <!-- header --><\/div> <!-- aio-ibd-block --><\/div> <!-- aio-icon-box --><\/div> <!-- aio-icon-component -->[\/vc_column_inner][vc_column_inner width=&#8221;1\/3&#8243;][\/vc_column_inner][\/vc_row_inner][\/vc_column][\/vc_row][vc_row full_width=&#8221;stretch_row&#8221; bg_type=&#8221;image&#8221; parallax_style=&#8221;vcpb-vz-jquery&#8221; bg_image_new=&#8221;id^588|url^https:\/\/etecmed.com\/wp-content\/uploads\/2020\/03\/subscriute.jpg|caption^null|alt^null|title^subscriute|description^null&#8221; bg_image_repeat=&#8221;no-repeat&#8221; css=&#8221;.vc_custom_1583937452376{padding-top: 100px !important;padding-bottom: 100px !important;}&#8221;][vc_column][vc_column_text]<\/p>\n<h3 style=\"text-align: center;\">Vols estar al dia de les novetats?<\/h3>\n<h1 style=\"text-align: center;\">SUBSCRIU-TE AL NOSTRE BUTLLET\u00cd<\/h1>\n<p>[\/vc_column_text]<div class=\" vc_custom_1591803158989 ubtn-ctn-center \"><button type=\"button\" id=\"ubtn-2399\"  class=\"ubtn ult-adjust-bottom-margin ult-responsive ubtn-large ubtn-no-hover-bg  none  ubtn-center   tooltip-69f1a27e61ef2\"  data-hover=\"\" data-border-color=\"\" data-bg=\"#75b325\" data-hover-bg=\"\" data-border-hover=\"\" data-shadow-hover=\"\" data-shadow-click=\"none\" data-shadow=\"\" data-shd-shadow=\"\"  data-ultimate-target='#ubtn-2399'  data-responsive-json-new='{\"font-size\":\"desktop:24px;\",\"line-height\":\"\"}'  style=\"font-family:&#039;Quicksand&#039;;font-weight:500;border:none;background: #75b325;color: #ffffff;\"><span class=\"ubtn-hover\" style=\"background-color:\"><\/span><span class=\"ubtn-data ubtn-text \" >Em vull subscriure!<\/span><\/button><\/div>[\/vc_column][\/vc_row][vc_row css=&#8221;.vc_custom_1584009452159{padding-top: 60px !important;padding-bottom: 60px !important;}&#8221;][vc_column width=&#8221;1\/3&#8243;]<div class=\"aio-icon-component    style_1\"><a class=\"aio-icon-box-link\" href=\"https:\/\/etecmed.com\/ca\/termes-i-condicions\/\" title=\"Termes i condicions\" ><div id=\"Info-box-wrap-1368\" class=\"aio-icon-box top-icon\" style=\"\"  ><div class=\"aio-icon-top\"><div class=\"ult-just-icon-wrapper  \"><div class=\"align-icon\" style=\"text-align:center;\">\n<div class=\"aio-icon-img \" style=\"font-size:150px;display:inline-block;\" >\n\t<img decoding=\"async\" class=\"img-icon\" alt=\"null\" src=\"https:\/\/etecmed.com\/wp-content\/uploads\/2020\/03\/icon1.png\"\/>\n<\/div><\/div><\/div><\/div><div class=\"aio-icon-header\" ><h3 class=\"aio-icon-title ult-responsive\"  data-ultimate-target='#Info-box-wrap-1368 .aio-icon-title'  data-responsive-json-new='{\"font-size\":\"\",\"line-height\":\"\"}'  style=\"\">GARANTIA<\/h3><\/div> <!-- header --><\/div> <!-- aio-icon-box --><\/a><\/div> <!-- aio-icon-component -->[\/vc_column][vc_column width=&#8221;1\/3&#8243;]<div class=\"aio-icon-component    style_1\"><a class=\"aio-icon-box-link\" href=\"https:\/\/etecmed.com\/ca\/contacta\/\" title=\"Contacta\" ><div id=\"Info-box-wrap-1446\" class=\"aio-icon-box top-icon\" style=\"\"  ><div class=\"aio-icon-top\"><div class=\"ult-just-icon-wrapper  \"><div class=\"align-icon\" style=\"text-align:center;\">\n<div class=\"aio-icon-img \" style=\"font-size:150px;display:inline-block;\" >\n\t<img decoding=\"async\" class=\"img-icon\" alt=\"null\" src=\"https:\/\/etecmed.com\/wp-content\/uploads\/2020\/03\/icon2.png\"\/>\n<\/div><\/div><\/div><\/div><div class=\"aio-icon-header\" ><h3 class=\"aio-icon-title ult-responsive\"  data-ultimate-target='#Info-box-wrap-1446 .aio-icon-title'  data-responsive-json-new='{\"font-size\":\"\",\"line-height\":\"\"}'  style=\"\">SERVEI T\u00c8CNIC<\/h3><\/div> <!-- header --><\/div> <!-- aio-icon-box --><\/a><\/div> <!-- aio-icon-component -->[\/vc_column][vc_column width=&#8221;1\/3&#8243;]<div class=\"aio-icon-component    style_1\"><a class=\"aio-icon-box-link\" href=\"https:\/\/etecmed.com\/ca\/enviaments-i-devolucions\/\" title=\"Enviaments i devolucions\" ><div id=\"Info-box-wrap-2473\" class=\"aio-icon-box top-icon\" style=\"\"  ><div class=\"aio-icon-top\"><div class=\"ult-just-icon-wrapper  \"><div class=\"align-icon\" style=\"text-align:center;\">\n<div class=\"aio-icon-img \" style=\"font-size:150px;display:inline-block;\" >\n\t<img decoding=\"async\" class=\"img-icon\" alt=\"null\" src=\"https:\/\/etecmed.com\/wp-content\/uploads\/2020\/03\/icon3.png\"\/>\n<\/div><\/div><\/div><\/div><div class=\"aio-icon-header\" ><h3 class=\"aio-icon-title ult-responsive\"  data-ultimate-target='#Info-box-wrap-2473 .aio-icon-title'  data-responsive-json-new='{\"font-size\":\"\",\"line-height\":\"\"}'  style=\"\">CANVIS I DEVOLUCIONS<\/h3><\/div> <!-- header --><\/div> <!-- aio-icon-box --><\/a><\/div> <!-- aio-icon-component -->[\/vc_column][\/vc_row]<\/p>\n<\/div>","protected":false},"excerpt":{"rendered":"<p>[vc_row css=&#8221;.vc_custom_1584014636194{padding-top: 60px !important;padding-bottom: 60px !important;}&#8221;][vc_column width=&#8221;1\/2&#8243;][vc_empty_space][vc_column_text]L&#8217;experi\u00e8ncia en el mercat dels components d&#8217;Etecmed, motiva la fundaci\u00f3 d&#8217;aquesta empresa. Aportem aparells i complements de qualitat contrastada en el sector de l&#8217;est\u00e8tica. Observem i escoltem el mercat de l&#8217;est\u00e8tica per poder oferir el producte adequat. I aix\u00ed, poder procurar un cat\u00e0leg que presenti diversitat d&#8217;equips per a&hellip;<\/p>\n","protected":false},"author":1,"featured_media":0,"parent":0,"menu_order":15,"comment_status":"closed","ping_status":"closed","template":"","meta":{"footnotes":""},"class_list":["post-1562","page","type-page","status-publish","hentry","description-off"],"_links":{"self":[{"href":"https:\/\/etecmed.com\/ca\/wp-json\/wp\/v2\/pages\/1562","targetHints":{"allow":["GET"]}}],"collection":[{"href":"https:\/\/etecmed.com\/ca\/wp-json\/wp\/v2\/pages"}],"about":[{"href":"https:\/\/etecmed.com\/ca\/wp-json\/wp\/v2\/types\/page"}],"author":[{"embeddable":true,"href":"https:\/\/etecmed.com\/ca\/wp-json\/wp\/v2\/users\/1"}],"replies":[{"embeddable":true,"href":"https:\/\/etecmed.com\/ca\/wp-json\/wp\/v2\/comments?post=1562"}],"version-history":[{"count":10,"href":"https:\/\/etecmed.com\/ca\/wp-json\/wp\/v2\/pages\/1562\/revisions"}],"predecessor-version":[{"id":2192,"href":"https:\/\/etecmed.com\/ca\/wp-json\/wp\/v2\/pages\/1562\/revisions\/2192"}],"wp:attachment":[{"href":"https:\/\/etecmed.com\/ca\/wp-json\/wp\/v2\/media?parent=1562"}],"curies":[{"name":"wp","href":"https:\/\/api.w.org\/{rel}","templated":true}]}}