{"id":1560,"date":"2020-06-08T14:19:03","date_gmt":"2020-06-08T12:19:03","guid":{"rendered":"https:\/\/etecmed.com\/?page_id=1560"},"modified":"2020-09-21T11:48:46","modified_gmt":"2020-09-21T09:48:46","slug":"inici","status":"publish","type":"page","link":"https:\/\/etecmed.com\/ca\/","title":{"rendered":"Inici"},"content":{"rendered":"<div class=\"wpb-content-wrapper\"><p>[vc_row gap=&#8221;35&#8243; content_placement=&#8221;middle&#8221; css=&#8221;.vc_custom_1583938270454{margin-top: 35px !important;margin-bottom: 35px !important;}&#8221;][vc_column width=&#8221;1\/2&#8243; css=&#8221;.vc_custom_1583938560931{padding-top: 50px !important;padding-right: 40px !important;padding-bottom: 30px !important;padding-left: 40px !important;background-image: url(https:\/\/etecmed.com\/wp-content\/uploads\/2020\/03\/banner1.jpg?id=581) !important;background-position: center !important;background-repeat: no-repeat !important;background-size: cover !important;}&#8221;]<div class=\" ubtn-ctn-center \"><a class=\"ubtn-link ult-adjust-bottom-margin ubtn-center ubtn-large \" href=\"\/ca\/cataleg\/\" ><button type=\"button\" id=\"ubtn-6620\"  class=\"ubtn ult-adjust-bottom-margin ult-responsive ubtn-large ubtn-no-hover-bg  none  ubtn-center   tooltip-69def52d1cda8\"  data-hover=\"\" data-border-color=\"\" data-bg=\"rgba(255,255,255,0.8)\" data-hover-bg=\"\" data-border-hover=\"\" data-shadow-hover=\"\" data-shadow-click=\"none\" data-shadow=\"\" data-shd-shadow=\"\"  data-ultimate-target='#ubtn-6620'  data-responsive-json-new='{\"font-size\":\"desktop:36px;\",\"line-height\":\"\"}'  style=\"font-family:&#039;Quicksand&#039;;font-weight:500;border:none;background: rgba(255,255,255,0.8);color: #333333;\"><span class=\"ubtn-hover\" style=\"background-color:\"><\/span><span class=\"ubtn-data ubtn-text \" >CAT\u00c0LEG<\/span><\/button><\/a><\/div>[\/vc_column][vc_column width=&#8221;1\/2&#8243; css=&#8221;.vc_custom_1583938566483{padding-top: 50px !important;padding-right: 40px !important;padding-bottom: 30px !important;padding-left: 40px !important;background-image: url(https:\/\/etecmed.com\/wp-content\/uploads\/2020\/03\/banner2.jpg?id=582) !important;background-position: center !important;background-repeat: no-repeat !important;background-size: cover !important;}&#8221;]<div class=\" ubtn-ctn-center \"><a class=\"ubtn-link ult-adjust-bottom-margin ubtn-center ubtn-large \" href=\"\/ca\/categoria-producte\/promocions\/\" ><button type=\"button\" id=\"ubtn-7086\"  class=\"ubtn ult-adjust-bottom-margin ult-responsive ubtn-large ubtn-no-hover-bg  none  ubtn-center   tooltip-69def52d1ceb8\"  data-hover=\"\" data-border-color=\"\" data-bg=\"rgba(255,255,255,0.8)\" data-hover-bg=\"\" data-border-hover=\"\" data-shadow-hover=\"\" data-shadow-click=\"none\" data-shadow=\"\" data-shd-shadow=\"\"  data-ultimate-target='#ubtn-7086'  data-responsive-json-new='{\"font-size\":\"desktop:36px;\",\"line-height\":\"\"}'  style=\"font-family:&#039;Quicksand&#039;;font-weight:500;border:none;background: rgba(255,255,255,0.8);color: #333333;\"><span class=\"ubtn-hover\" style=\"background-color:\"><\/span><span class=\"ubtn-data ubtn-text \" >PROMOCIONS<\/span><\/button><\/a><\/div>[\/vc_column][\/vc_row][vc_row css=&#8221;.vc_custom_1583936462632{padding-top: 30px !important;padding-bottom: 60px !important;}&#8221;][vc_column][vc_column_text]<\/p>\n<h3 style=\"text-align: center;\">Consulta les nostres<\/h3>\n<h1 style=\"text-align: center;\">NOVETATS<\/h1>\n<p>[\/vc_column_text][vc_empty_space]<style type=\"text\/css\" data-type=\"the7_shortcodes-inline-css\">.products-shortcode.products-masonry-shortcode-id-db9b8368780daba34e9bd9a38628e7e3 .filter-bg-decoration .filter-categories a.act {\n  color: #fff;\n}\n.products-shortcode.products-masonry-shortcode-id-db9b8368780daba34e9bd9a38628e7e3:not(.resize-by-browser-width) .dt-css-grid {\n  grid-row-gap: 30px;\n  grid-column-gap: 30px;\n  grid-template-columns: repeat(auto-fill,minmax(,1fr));\n}\n.cssgridlegacy.no-cssgrid .products-shortcode.products-masonry-shortcode-id-db9b8368780daba34e9bd9a38628e7e3:not(.resize-by-browser-width) .dt-css-grid,\n.no-cssgridlegacy.no-cssgrid .products-shortcode.products-masonry-shortcode-id-db9b8368780daba34e9bd9a38628e7e3:not(.resize-by-browser-width) .dt-css-grid {\n  display: flex;\n  flex-flow: row wrap;\n  margin: -15px;\n}\n.cssgridlegacy.no-cssgrid .products-shortcode.products-masonry-shortcode-id-db9b8368780daba34e9bd9a38628e7e3:not(.resize-by-browser-width) .dt-css-grid .wf-cell,\n.no-cssgridlegacy.no-cssgrid .products-shortcode.products-masonry-shortcode-id-db9b8368780daba34e9bd9a38628e7e3:not(.resize-by-browser-width) .dt-css-grid .wf-cell {\n  flex: 1 0 ;\n  max-width: 100%;\n  padding: 15px;\n  box-sizing: border-box;\n}\n.products-shortcode.products-masonry-shortcode-id-db9b8368780daba34e9bd9a38628e7e3.resize-by-browser-width .dt-css-grid {\n  grid-template-columns: repeat(4,1fr);\n  grid-template-rows: auto;\n  grid-column-gap: 30px;\n  grid-row-gap: 30px;\n}\n.cssgridlegacy.no-cssgrid .products-shortcode.products-masonry-shortcode-id-db9b8368780daba34e9bd9a38628e7e3.resize-by-browser-width .dt-css-grid,\n.no-cssgridlegacy.no-cssgrid .products-shortcode.products-masonry-shortcode-id-db9b8368780daba34e9bd9a38628e7e3.resize-by-browser-width .dt-css-grid {\n  margin: -15px;\n}\n.cssgridlegacy.no-cssgrid .products-shortcode.products-masonry-shortcode-id-db9b8368780daba34e9bd9a38628e7e3.resize-by-browser-width .dt-css-grid .wf-cell,\n.no-cssgridlegacy.no-cssgrid .products-shortcode.products-masonry-shortcode-id-db9b8368780daba34e9bd9a38628e7e3.resize-by-browser-width .dt-css-grid .wf-cell {\n  width: 25%;\n  padding: 15px;\n}\n@media screen and (max-width: 1199px) {\n  .products-shortcode.products-masonry-shortcode-id-db9b8368780daba34e9bd9a38628e7e3.resize-by-browser-width .dt-css-grid {\n    grid-template-columns: repeat(3,1fr);\n  }\n  .cssgridlegacy.no-cssgrid .products-shortcode.products-masonry-shortcode-id-db9b8368780daba34e9bd9a38628e7e3.resize-by-browser-width .dt-css-grid .wf-cell,\n  .no-cssgridlegacy.no-cssgrid .products-shortcode.products-masonry-shortcode-id-db9b8368780daba34e9bd9a38628e7e3.resize-by-browser-width .dt-css-grid .wf-cell {\n    width: 33.333333333333%;\n  }\n}\n@media screen and (max-width: 991px) {\n  .products-shortcode.products-masonry-shortcode-id-db9b8368780daba34e9bd9a38628e7e3.resize-by-browser-width .dt-css-grid {\n    grid-template-columns: repeat(2,1fr);\n  }\n  .cssgridlegacy.no-cssgrid .products-shortcode.products-masonry-shortcode-id-db9b8368780daba34e9bd9a38628e7e3.resize-by-browser-width .dt-css-grid .wf-cell,\n  .no-cssgridlegacy.no-cssgrid .products-shortcode.products-masonry-shortcode-id-db9b8368780daba34e9bd9a38628e7e3.resize-by-browser-width .dt-css-grid .wf-cell {\n    width: 50%;\n  }\n}\n@media screen and (max-width: 767px) {\n  .products-shortcode.products-masonry-shortcode-id-db9b8368780daba34e9bd9a38628e7e3.resize-by-browser-width .dt-css-grid {\n    grid-template-columns: repeat(1,1fr);\n  }\n  .cssgridlegacy.no-cssgrid .products-shortcode.products-masonry-shortcode-id-db9b8368780daba34e9bd9a38628e7e3.resize-by-browser-width .dt-css-grid .wf-cell,\n  .no-cssgridlegacy.no-cssgrid .products-shortcode.products-masonry-shortcode-id-db9b8368780daba34e9bd9a38628e7e3.resize-by-browser-width .dt-css-grid .wf-cell {\n    width: 100%;\n  }\n}\n<\/style><div class=\"products-shortcode products-masonry-shortcode-id-db9b8368780daba34e9bd9a38628e7e3 mode-grid cart-btn-below-img hide-description hide-rating jquery-filter wc-img-hover dt-css-grid-wrap resize-by-browser-width loading-effect-none description-under-image content-align-centre wc-grid\" data-padding=\"15px\" data-cur-page=\"1\" data-post-limit=\"-1\" data-pagination-mode=\"none\" data-desktop-columns-num=\"4\" data-v-tablet-columns-num=\"2\" data-h-tablet-columns-num=\"3\" data-phone-columns-num=\"1\" data-width=\"0px\" data-columns=\"0\"><div class=\"dt-css-grid\" ><div class=\"visible wf-cell visible\" data-post-id=\"2811\" data-date=\"2025-12-19T13:34:09+02:00\" data-name=\"DEPEL 403a - Depilaci\u00f3 El\u00e8ctrica de Precisi\u00f3 amb Tecnologia Avan\u00e7ada\"><article class=\"post project-odd visible description-off product type-product post-2811 status-publish first onbackorder product_cat-equips-estetica product_cat-medicina-estetica-ca product_cat-novetats product_tag-aparatologia-medicina-estetica-ca product_tag-depilacion-ca has-post-thumbnail taxable shipping-taxable product-type-simple\" ><figure class=\"woocom-project\">\n\t<div class=\"woo-buttons-on-img\">\n\n\t\t<a href=\"https:\/\/etecmed.com\/ca\/producte\/depel-403a-depilacio-electrica-de-precisio-amb-tecnologia-avancada\/\" class=\"alignnone layzr-bg\"><img loading=\"lazy\" decoding=\"async\" width=\"300\" height=\"210\" src=\"data:image\/svg+xml;charset=utf-8,%3Csvg xmlns%3D&#039;http%3A%2F%2Fwww.w3.org%2F2000%2Fsvg&#039; viewBox%3D&#039;0 0 300 210&#039;%2F%3E\" class=\"attachment-woocommerce_thumbnail size-woocommerce_thumbnail iso-lazy-load preload-me\" alt=\"DEPEL 403a - Depilaci\u00f3 El\u00e8ctrica de Precisi\u00f3 amb Tecnologia Avan\u00e7ada\" data-src=\"https:\/\/etecmed.com\/wp-content\/uploads\/2025\/12\/Depel-403a-equip-300x210.png\" data-srcset=\"https:\/\/etecmed.com\/wp-content\/uploads\/2025\/12\/Depel-403a-equip-300x210.png 300w, https:\/\/etecmed.com\/wp-content\/uploads\/2025\/12\/Depel-403a-equip.png 455w\" \/><img loading=\"lazy\" decoding=\"async\" width=\"300\" height=\"204\" src=\"data:image\/svg+xml;charset=utf-8,%3Csvg xmlns%3D&#039;http%3A%2F%2Fwww.w3.org%2F2000%2Fsvg&#039; viewBox%3D&#039;0 0 300 204&#039;%2F%3E\" class=\"show-on-hover back-image iso-lazy-load preload-me\" alt=\"\" data-src=\"https:\/\/etecmed.com\/wp-content\/uploads\/2025\/12\/Depel-403a-accesoris-300x204.png\" data-srcset=\"https:\/\/etecmed.com\/wp-content\/uploads\/2025\/12\/Depel-403a-accesoris-300x204.png 300w, https:\/\/etecmed.com\/wp-content\/uploads\/2025\/12\/Depel-403a-accesoris.png 523w\" \/><\/a>\n\t<\/div>\n\t<figcaption class=\"woocom-list-content\">\n\n\t\t<div class=\"woo-buttons\"><a href=\"https:\/\/etecmed.com\/ca\/producte\/depel-403a-depilacio-electrica-de-precisio-amb-tecnologia-avancada\/\" aria-describedby=\"woocommerce_loop_add_to_cart_link_describedby_2811\" data-quantity=\"1\" class=\"product_type_simple ajax_add_to_cart\" data-product_id=\"2811\" data-product_sku=\"20203\" aria-label=\"M\u00e9s informaci\u00f3 sobre &ldquo;DEPEL 403a - Depilaci\u00f3 El\u00e8ctrica de Precisi\u00f3 amb Tecnologia Avan\u00e7ada&rdquo;\" rel=\"nofollow\" data-success_message=\"\">Llegeix m\u00e9s<\/a>\t<span id=\"woocommerce_loop_add_to_cart_link_describedby_2811\" class=\"screen-reader-text\">\n\t\t\t<\/span>\n<\/div>\n\t<\/figcaption>\n<\/figure>\n<\/article><\/div><div class=\"visible wf-cell visible\" data-post-id=\"2803\" data-date=\"2025-12-19T11:50:03+02:00\" data-name=\"Pressoter\u00e0pia EMOPRESS-24\"><article class=\"post project-odd visible description-off product type-product post-2803 status-publish onbackorder product_cat-equips-estetica product_cat-medicina-estetica-ca product_cat-novetats product_tag-aparatologia-medicina-estetica-ca product_tag-celulitis-ca product_tag-corporal-ca product_tag-mala-circulacion-ca product_tag-masaje-muscular-ca product_tag-piernas-cansadas-ca product_tag-reduccion-de-volumen-ca has-post-thumbnail taxable shipping-taxable product-type-simple\" ><figure class=\"woocom-project\">\n\t<div class=\"woo-buttons-on-img\">\n\n\t\t<a href=\"https:\/\/etecmed.com\/ca\/producte\/pressoterapia-emopress-24\/\" class=\"alignnone layzr-bg\"><img loading=\"lazy\" decoding=\"async\" width=\"300\" height=\"128\" src=\"data:image\/svg+xml;charset=utf-8,%3Csvg xmlns%3D&#039;http%3A%2F%2Fwww.w3.org%2F2000%2Fsvg&#039; viewBox%3D&#039;0 0 300 128&#039;%2F%3E\" class=\"attachment-woocommerce_thumbnail size-woocommerce_thumbnail iso-lazy-load preload-me\" alt=\"Pressoter\u00e0pia EMOPRESS-24\" data-src=\"https:\/\/etecmed.com\/wp-content\/uploads\/2025\/12\/Emopress-24-equip-amb-logo-300x128.png\" data-srcset=\"https:\/\/etecmed.com\/wp-content\/uploads\/2025\/12\/Emopress-24-equip-amb-logo-300x128.png 300w, https:\/\/etecmed.com\/wp-content\/uploads\/2025\/12\/Emopress-24-equip-amb-logo.png 375w\" \/><img loading=\"lazy\" decoding=\"async\" width=\"276\" height=\"473\" src=\"data:image\/svg+xml;charset=utf-8,%3Csvg xmlns%3D&#039;http%3A%2F%2Fwww.w3.org%2F2000%2Fsvg&#039; viewBox%3D&#039;0 0 276 473&#039;%2F%3E\" class=\"show-on-hover back-image iso-lazy-load preload-me\" alt=\"\" data-src=\"https:\/\/etecmed.com\/wp-content\/uploads\/2025\/12\/Emopress-24-inflables.png\" data-srcset=\"https:\/\/etecmed.com\/wp-content\/uploads\/2025\/12\/Emopress-24-inflables.png 276w, https:\/\/etecmed.com\/wp-content\/uploads\/2025\/12\/Emopress-24-inflables-175x300.png 175w\" \/><\/a>\n\t<\/div>\n\t<figcaption class=\"woocom-list-content\">\n\n\t\t<div class=\"woo-buttons\"><a href=\"https:\/\/etecmed.com\/ca\/producte\/pressoterapia-emopress-24\/\" aria-describedby=\"woocommerce_loop_add_to_cart_link_describedby_2803\" data-quantity=\"1\" class=\"product_type_simple ajax_add_to_cart\" data-product_id=\"2803\" data-product_sku=\"20202\" aria-label=\"M\u00e9s informaci\u00f3 sobre &ldquo;Pressoter\u00e0pia EMOPRESS-24&rdquo;\" rel=\"nofollow\" data-success_message=\"\">Llegeix m\u00e9s<\/a>\t<span id=\"woocommerce_loop_add_to_cart_link_describedby_2803\" class=\"screen-reader-text\">\n\t\t\t<\/span>\n<\/div>\n\t<\/figcaption>\n<\/figure>\n<\/article><\/div><div class=\"visible wf-cell visible\" data-post-id=\"2794\" data-date=\"2025-12-19T11:28:13+02:00\" data-name=\"Pressoter\u00e0pia PRESOVEX\"><article class=\"post project-odd visible description-off product type-product post-2794 status-publish onbackorder product_cat-equips-estetica product_cat-medicina-estetica-ca product_cat-novetats product_tag-aparatologia-medicina-estetica-ca product_tag-celulitis-ca product_tag-corporal-ca product_tag-drenaje-linfatico-ca product_tag-mala-circulacion-ca product_tag-masaje-ca product_tag-masaje-muscular-ca product_tag-piernas-cansadas-ca product_tag-reduccion-de-volumen-ca has-post-thumbnail taxable shipping-taxable product-type-simple\" ><figure class=\"woocom-project\">\n\t<div class=\"woo-buttons-on-img\">\n\n\t\t<a href=\"https:\/\/etecmed.com\/ca\/producte\/presoterapia-presovex\/\" class=\"alignnone layzr-bg\"><img loading=\"lazy\" decoding=\"async\" width=\"300\" height=\"240\" src=\"data:image\/svg+xml;charset=utf-8,%3Csvg xmlns%3D&#039;http%3A%2F%2Fwww.w3.org%2F2000%2Fsvg&#039; viewBox%3D&#039;0 0 300 240&#039;%2F%3E\" class=\"attachment-woocommerce_thumbnail size-woocommerce_thumbnail iso-lazy-load preload-me\" alt=\"Pressoter\u00e0pia PRESOVEX\" data-src=\"https:\/\/etecmed.com\/wp-content\/uploads\/2025\/12\/PRESOVEX-equipo-con-logo-300x240.png\" data-srcset=\"https:\/\/etecmed.com\/wp-content\/uploads\/2025\/12\/PRESOVEX-equipo-con-logo-300x240.png 300w, https:\/\/etecmed.com\/wp-content\/uploads\/2025\/12\/PRESOVEX-equipo-con-logo.png 318w\" \/><img loading=\"lazy\" decoding=\"async\" width=\"300\" height=\"176\" src=\"data:image\/svg+xml;charset=utf-8,%3Csvg xmlns%3D&#039;http%3A%2F%2Fwww.w3.org%2F2000%2Fsvg&#039; viewBox%3D&#039;0 0 300 176&#039;%2F%3E\" class=\"show-on-hover back-image iso-lazy-load preload-me\" alt=\"\" data-src=\"https:\/\/etecmed.com\/wp-content\/uploads\/2025\/12\/PRESOVEX-inflables-300x176.png\" data-srcset=\"https:\/\/etecmed.com\/wp-content\/uploads\/2025\/12\/PRESOVEX-inflables-300x176.png 300w, https:\/\/etecmed.com\/wp-content\/uploads\/2025\/12\/PRESOVEX-inflables-768x450.png 768w, https:\/\/etecmed.com\/wp-content\/uploads\/2025\/12\/PRESOVEX-inflables-600x352.png 600w, https:\/\/etecmed.com\/wp-content\/uploads\/2025\/12\/PRESOVEX-inflables.png 914w\" \/><\/a>\n\t<\/div>\n\t<figcaption class=\"woocom-list-content\">\n\n\t\t<div class=\"woo-buttons\"><a href=\"https:\/\/etecmed.com\/ca\/producte\/presoterapia-presovex\/\" aria-describedby=\"woocommerce_loop_add_to_cart_link_describedby_2794\" data-quantity=\"1\" class=\"product_type_simple ajax_add_to_cart\" data-product_id=\"2794\" data-product_sku=\"20201\" aria-label=\"M\u00e9s informaci\u00f3 sobre &ldquo;Pressoter\u00e0pia PRESOVEX&rdquo;\" rel=\"nofollow\" data-success_message=\"\">Llegeix m\u00e9s<\/a>\t<span id=\"woocommerce_loop_add_to_cart_link_describedby_2794\" class=\"screen-reader-text\">\n\t\t\t<\/span>\n<\/div>\n\t<\/figcaption>\n<\/figure>\n<\/article><\/div><div class=\"visible wf-cell visible\" data-post-id=\"2783\" data-date=\"2025-12-12T13:36:22+02:00\" data-name=\"Radiofreq\u00fc\u00e8ncia Capacitiva, Resistiva i EMS\"><article class=\"post project-odd visible description-off product type-product post-2783 status-publish last instock product_cat-medicina-estetica-ca product_cat-novetats product_tag-aparatologia-medicina-estetica-ca product_tag-estetica-ca has-post-thumbnail taxable shipping-taxable purchasable product-type-simple\" ><figure class=\"woocom-project\">\n\t<div class=\"woo-buttons-on-img\">\n\n\t\t<a href=\"https:\/\/etecmed.com\/ca\/producte\/radiofrequencia-capacitiva-resistiva-i-ems\/\" class=\"alignnone layzr-bg\"><img loading=\"lazy\" decoding=\"async\" width=\"300\" height=\"291\" src=\"data:image\/svg+xml;charset=utf-8,%3Csvg xmlns%3D&#039;http%3A%2F%2Fwww.w3.org%2F2000%2Fsvg&#039; viewBox%3D&#039;0 0 300 291&#039;%2F%3E\" class=\"attachment-woocommerce_thumbnail size-woocommerce_thumbnail iso-lazy-load preload-me\" alt=\"Radiofreq\u00fc\u00e8ncia Capacitiva, Resistiva i EMS\" data-src=\"https:\/\/etecmed.com\/wp-content\/uploads\/2025\/12\/Imagen-Radiofrecuencia-Capacitiva-Resistitva-300x291.jpg\" data-srcset=\"https:\/\/etecmed.com\/wp-content\/uploads\/2025\/12\/Imagen-Radiofrecuencia-Capacitiva-Resistitva-300x291.jpg 300w, https:\/\/etecmed.com\/wp-content\/uploads\/2025\/12\/Imagen-Radiofrecuencia-Capacitiva-Resistitva-1024x994.jpg 1024w, https:\/\/etecmed.com\/wp-content\/uploads\/2025\/12\/Imagen-Radiofrecuencia-Capacitiva-Resistitva-768x745.jpg 768w, https:\/\/etecmed.com\/wp-content\/uploads\/2025\/12\/Imagen-Radiofrecuencia-Capacitiva-Resistitva-600x582.jpg 600w, https:\/\/etecmed.com\/wp-content\/uploads\/2025\/12\/Imagen-Radiofrecuencia-Capacitiva-Resistitva.jpg 1080w\" \/><\/a>\n\t<\/div>\n\t<figcaption class=\"woocom-list-content\">\n\n\t\t<div class=\"woo-buttons\"><a href=\"?add-to-cart=2783\" aria-describedby=\"woocommerce_loop_add_to_cart_link_describedby_2783\" data-quantity=\"1\" class=\"product_type_simple add_to_cart_button ajax_add_to_cart\" data-product_id=\"2783\" data-product_sku=\"20105\" aria-label=\"Afegeix a la cistella: &ldquo;Radiofreq\u00fc\u00e8ncia Capacitiva, Resistiva i EMS&rdquo;\" rel=\"nofollow\" data-success_message=\"&ldquo;Radiofreq\u00fc\u00e8ncia Capacitiva, Resistiva i EMS&rdquo; s&#039;ha afegit a la vostra cistella\">Afegeix a la cistella<\/a>\t<span id=\"woocommerce_loop_add_to_cart_link_describedby_2783\" class=\"screen-reader-text\">\n\t\t\t<\/span>\n<\/div>\n\t<\/figcaption>\n<\/figure>\n<\/article><\/div><\/div><!-- iso-container|iso-grid --><\/div>[\/vc_column][\/vc_row][vc_row full_width=&#8221;stretch_row&#8221; bg_type=&#8221;image&#8221; parallax_style=&#8221;vcpb-vz-jquery&#8221; bg_image_new=&#8221;id^588|url^https:\/\/etecmed.com\/wp-content\/uploads\/2020\/03\/subscriute.jpg|caption^null|alt^null|title^subscriute|description^null&#8221; bg_image_repeat=&#8221;no-repeat&#8221; css=&#8221;.vc_custom_1583937452376{padding-top: 100px !important;padding-bottom: 100px !important;}&#8221;][vc_column][vc_column_text]<\/p>\n<h3 style=\"text-align: center;\">Vols estar al dia de les nostres novetats?<\/h3>\n<h1 style=\"text-align: center;\">SUBSCRIU-TE AL NOSTRE BUTLLET\u00cd<\/h1>\n<p>[\/vc_column_text]<div class=\" vc_custom_1591781551066 ubtn-ctn-center \"><button type=\"button\" id=\"ubtn-8193\"  class=\"ubtn ult-adjust-bottom-margin ult-responsive ubtn-large ubtn-no-hover-bg  none  ubtn-center   tooltip-69def52d29538\"  data-hover=\"\" data-border-color=\"\" data-bg=\"#75b325\" data-hover-bg=\"\" data-border-hover=\"\" data-shadow-hover=\"\" data-shadow-click=\"none\" data-shadow=\"\" data-shd-shadow=\"\"  data-ultimate-target='#ubtn-8193'  data-responsive-json-new='{\"font-size\":\"desktop:24px;\",\"line-height\":\"\"}'  style=\"font-family:&#039;Quicksand&#039;;font-weight:500;border:none;background: #75b325;color: #ffffff;\"><span class=\"ubtn-hover\" style=\"background-color:\"><\/span><span class=\"ubtn-data ubtn-text \" >Em vull subscriure!<\/span><\/button><\/div>[\/vc_column][\/vc_row][vc_row css=&#8221;.vc_custom_1584009452159{padding-top: 60px !important;padding-bottom: 60px !important;}&#8221;][vc_column width=&#8221;1\/3&#8243;]<div class=\"aio-icon-component    style_1\"><a class=\"aio-icon-box-link\" href=\"https:\/\/etecmed.com\/ca\/termes-i-condicions\/\" title=\"Termes i condicions\" ><div id=\"Info-box-wrap-5889\" class=\"aio-icon-box top-icon\" style=\"\"  ><div class=\"aio-icon-top\"><div class=\"ult-just-icon-wrapper  \"><div class=\"align-icon\" style=\"text-align:center;\">\n<div class=\"aio-icon-img \" style=\"font-size:150px;display:inline-block;\" >\n\t<img decoding=\"async\" class=\"img-icon\" alt=\"null\" src=\"https:\/\/etecmed.com\/wp-content\/uploads\/2020\/03\/icon1.png\"\/>\n<\/div><\/div><\/div><\/div><div class=\"aio-icon-header\" ><h3 class=\"aio-icon-title ult-responsive\"  data-ultimate-target='#Info-box-wrap-5889 .aio-icon-title'  data-responsive-json-new='{\"font-size\":\"\",\"line-height\":\"\"}'  style=\"\">GARANTIA<\/h3><\/div> <!-- header --><\/div> <!-- aio-icon-box --><\/a><\/div> <!-- aio-icon-component -->[\/vc_column][vc_column width=&#8221;1\/3&#8243;]<div class=\"aio-icon-component    style_1\"><a class=\"aio-icon-box-link\" href=\"https:\/\/etecmed.com\/ca\/contacta\/\" title=\"Contacta\" ><div id=\"Info-box-wrap-9154\" class=\"aio-icon-box top-icon\" style=\"\"  ><div class=\"aio-icon-top\"><div class=\"ult-just-icon-wrapper  \"><div class=\"align-icon\" style=\"text-align:center;\">\n<div class=\"aio-icon-img \" style=\"font-size:150px;display:inline-block;\" >\n\t<img decoding=\"async\" class=\"img-icon\" alt=\"null\" src=\"https:\/\/etecmed.com\/wp-content\/uploads\/2020\/03\/icon2.png\"\/>\n<\/div><\/div><\/div><\/div><div class=\"aio-icon-header\" ><h3 class=\"aio-icon-title ult-responsive\"  data-ultimate-target='#Info-box-wrap-9154 .aio-icon-title'  data-responsive-json-new='{\"font-size\":\"\",\"line-height\":\"\"}'  style=\"\">SERVEI T\u00c8CNIC<\/h3><\/div> <!-- header --><\/div> <!-- aio-icon-box --><\/a><\/div> <!-- aio-icon-component -->[\/vc_column][vc_column width=&#8221;1\/3&#8243;]<div class=\"aio-icon-component    style_1\"><a class=\"aio-icon-box-link\" href=\"https:\/\/etecmed.com\/ca\/enviaments-i-devolucions\/\" title=\"Enviaments i devolucions\" ><div id=\"Info-box-wrap-2524\" class=\"aio-icon-box top-icon\" style=\"\"  ><div class=\"aio-icon-top\"><div class=\"ult-just-icon-wrapper  \"><div class=\"align-icon\" style=\"text-align:center;\">\n<div class=\"aio-icon-img \" style=\"font-size:150px;display:inline-block;\" >\n\t<img decoding=\"async\" class=\"img-icon\" alt=\"null\" src=\"https:\/\/etecmed.com\/wp-content\/uploads\/2020\/03\/icon3.png\"\/>\n<\/div><\/div><\/div><\/div><div class=\"aio-icon-header\" ><h3 class=\"aio-icon-title ult-responsive\"  data-ultimate-target='#Info-box-wrap-2524 .aio-icon-title'  data-responsive-json-new='{\"font-size\":\"\",\"line-height\":\"\"}'  style=\"\">CANVIS I DEVOLUCIONS<\/h3><\/div> <!-- header --><\/div> <!-- aio-icon-box --><\/a><\/div> <!-- aio-icon-component -->[\/vc_column][\/vc_row]<\/p>\n<\/div>","protected":false},"excerpt":{"rendered":"<p>[vc_row gap=&#8221;35&#8243; content_placement=&#8221;middle&#8221; css=&#8221;.vc_custom_1583938270454{margin-top: 35px !important;margin-bottom: 35px !important;}&#8221;][vc_column width=&#8221;1\/2&#8243; css=&#8221;.vc_custom_1583938560931{padding-top: 50px !important;padding-right: 40px !important;padding-bottom: 30px !important;padding-left: 40px !important;background-image: url(https:\/\/etecmed.com\/wp-content\/uploads\/2020\/03\/banner1.jpg?id=581) !important;background-position: center !important;background-repeat: no-repeat !important;background-size: cover !important;}&#8221;][\/vc_column][vc_column width=&#8221;1\/2&#8243; css=&#8221;.vc_custom_1583938566483{padding-top: 50px !important;padding-right: 40px !important;padding-bottom: 30px !important;padding-left: 40px !important;background-image: url(https:\/\/etecmed.com\/wp-content\/uploads\/2020\/03\/banner2.jpg?id=582) !important;background-position: center !important;background-repeat: no-repeat !important;background-size: cover !important;}&#8221;][\/vc_column][\/vc_row][vc_row css=&#8221;.vc_custom_1583936462632{padding-top: 30px !important;padding-bottom: 60px !important;}&#8221;][vc_column][vc_column_text] Consulta les nostres NOVETATS [\/vc_column_text][vc_empty_space][\/vc_column][\/vc_row][vc_row full_width=&#8221;stretch_row&#8221;&hellip;<\/p>\n","protected":false},"author":1,"featured_media":0,"parent":0,"menu_order":10,"comment_status":"closed","ping_status":"closed","template":"","meta":{"footnotes":""},"class_list":["post-1560","page","type-page","status-publish","hentry","description-off"],"_links":{"self":[{"href":"https:\/\/etecmed.com\/ca\/wp-json\/wp\/v2\/pages\/1560","targetHints":{"allow":["GET"]}}],"collection":[{"href":"https:\/\/etecmed.com\/ca\/wp-json\/wp\/v2\/pages"}],"about":[{"href":"https:\/\/etecmed.com\/ca\/wp-json\/wp\/v2\/types\/page"}],"author":[{"embeddable":true,"href":"https:\/\/etecmed.com\/ca\/wp-json\/wp\/v2\/users\/1"}],"replies":[{"embeddable":true,"href":"https:\/\/etecmed.com\/ca\/wp-json\/wp\/v2\/comments?post=1560"}],"version-history":[{"count":5,"href":"https:\/\/etecmed.com\/ca\/wp-json\/wp\/v2\/pages\/1560\/revisions"}],"predecessor-version":[{"id":2011,"href":"https:\/\/etecmed.com\/ca\/wp-json\/wp\/v2\/pages\/1560\/revisions\/2011"}],"wp:attachment":[{"href":"https:\/\/etecmed.com\/ca\/wp-json\/wp\/v2\/media?parent=1560"}],"curies":[{"name":"wp","href":"https:\/\/api.w.org\/{rel}","templated":true}]}}