{"id":1558,"date":"2020-06-08T14:18:30","date_gmt":"2020-06-08T12:18:30","guid":{"rendered":"https:\/\/etecmed.com\/?page_id=1558"},"modified":"2024-01-31T10:51:16","modified_gmt":"2024-01-31T08:51:16","slug":"termes-i-condicions","status":"publish","type":"page","link":"https:\/\/etecmed.com\/ca\/termes-i-condicions\/","title":{"rendered":"Termes i condicions"},"content":{"rendered":"<h3><strong>Condicions generals de venda<\/strong><\/h3>\n<p>ETECMED, S.L. es reserva el dret de modificar les caracter\u00edstiques, preus i refer\u00e8ncies de tots els nostres productes sense previ av\u00eds. En el moment, que el client \/ distribu\u00efdor fa una comanda, est\u00e0 acceptant les condicions generals de venda d&#8217;ETECMED. Les imatges que apareixen a la web, cat\u00e0leg i ofertes s\u00f3n propietat d&#8217;ETECMED o, si no, cedides pel fabricant per a l&#8217;edici\u00f3 dels mateixos. I no poden ser copiades ni reprodu\u00efdes total o parcialment, sense previ av\u00eds.<\/p>\n<h3><strong>PREUS<\/strong><\/h3>\n<p>Els preus s\u00f3n els que s&#8217;informen a la p\u00e0gina web i es podran modificar sense previ av\u00eds. Els preus NO inclouen l&#8217;IVA corresponent i s\u00f3n v\u00e0lids excepte error. Els preus del cat\u00e0leg en paper NO inclouen l&#8217;IVA corresponent i s\u00f3n v\u00e0lids excepte error d&#8217;impressi\u00f3. Els canvis de tarifa dels fabricants, oscil\u00b7lacions en el tipus de canvi de moneda o canvis importants de el cost de el combustible o transport podran modificar els preus sense previ av\u00eds. El preu d&#8217;un mateix article pot variar segons ofertes, promocions o campanyes que estiguin vigents, on en cap cas s\u00f3n acumulables. A m\u00e9s, el preu pot ser diferent segons el canal utilitzat per a l&#8217;adquisici\u00f3 d&#8217;aquest article. Les ofertes de productes que ofereixin puntualment seran v\u00e0lides segons el per\u00edode que estiguin penjades al web.<\/p>\n<h3><strong>COMANDES<\/strong><\/h3>\n<p>No hi ha comanda m\u00ednima. Es pot realitzar qualsevol comanda de qualsevol import per molt \u00ednfim que sigui, encara que l&#8217;\u00fanica condici\u00f3 vindr\u00e0 marcada pel fabricant, per a les unitats que presenta l&#8217;embolcall o embalatge del producte sol\u00b7licitat. Qualsevol comanda l&#8217;import net sigui inferior al detallat en &#8220;Ports d&#8217;enviament&#8221;, la subministrarem a ports deguts. En el sup\u00f2sit de produir-se aquesta circumst\u00e0ncia hauran d&#8217;indicar-nos l&#8217;Ag\u00e8ncia de transports a la qual hem de lliurar la mercaderia o carregarem ports en factura. Les comandes sol\u00b7licitades abans de les 13 hores sortiran el mateix dia en servei de 24-48 hores a pen\u00ednsula, en servei de 72 hores a les Illes Balears. Els enviaments a les Illes Can\u00e0ries es recullen abans de dimecres perqu\u00e8 puguin sortir al vaixell de divendres. En el moment que es fa una comanda, s&#8217;accepten les nostres condicions de venda i garantia expressades en aquest apartat.<\/p>\n<h3><strong>CONDICIONS I FORMES DE PAGAMENT<\/strong><\/h3>\n<p>Les comandes han de ser pagades segons les condicions establertes. Per transfer\u00e8ncia banc\u00e0ria al nostre compte o TPV. Un cop es rebi el pagament, dependr\u00e0 de canal utilitzat, es podr\u00e0 emetre la comanda.<\/p>\n<ul>\n<li>Transfer\u00e8ncia banc\u00e0ria, sol\u00b7liciten el n\u00famero de compte, en el qual ingressaran l&#8217;import corresponent, indicant com a concepte el n\u00famero del pressupost o factura.<\/li>\n<li>Targeta de cr\u00e8dit (nom\u00e9s per al mitj\u00e0 d&#8217;Internet)<\/li>\n<\/ul>\n<p>&nbsp;<\/p>\n<h3><strong>PORTS D&#8217;ENVIAMENT<\/strong><\/h3>\n<ul>\n<li>PAGATS per a comandes superiors a: Pen\u00ednsula: 175 euros nets Balears: 250 euros nets Illes Can\u00e0ries: 400 euros nets<\/li>\n<li>DEGUTS per a la resta de comandes.<\/li>\n<\/ul>\n<p>En els casos que la mercaderia s&#8217;envi\u00ef a PORTS DEGUTS, si la mercaderia viatja amb la nostra log\u00edstica es carregar\u00e0 l&#8217;import de les despeses en la factura; no es far\u00e0, si viatja per compte i risc de la log\u00edstica enviada i triada pel Distribu\u00efdor. ETECMED no ser\u00e0 responsable de les demores en el despatx duaner ni si les autoritats locals decideixen confiscar qualsevol element contingut en un enviament. S&#8217;intentar\u00e0 que l&#8217;enviament de la comanda es realitzi en el menor temps possible, per\u00f2 el receptor haur\u00e0 de tenir en compte les disposicions de les duanes i no t\u00e9 responsabilitat sobre les mateixes. Tampoc seran imputables a ETECMED els efectes produ\u00efts per vagues o altres circumst\u00e0ncies alienes al seu control. El destinatari ser\u00e0 responsable de totes les despeses d&#8217;importaci\u00f3 i impostos que es generin a la duana de destinaci\u00f3, tant si se li lliura la mercaderia com si no es fa c\u00e0rrec d&#8217;ella.<\/p>\n<h3><strong>RECEPCI\u00d3 DE MERCADERIA<\/strong><\/h3>\n<p><strong> Abans de signar o segellar l&#8217;albar\u00e0 de lliurament de transportista han de comprovar el nombre de paquets que corresponen al lliurament.<\/strong><\/p>\n<ol>\n<li>En el cas de rebre paquets en mal estat o amb aparen\u00e7a d&#8217;haver estat manipulats, feu constar aix\u00f2 en l&#8217;albar\u00e0 d&#8217;entrega de transportista.<\/li>\n<li>Qualsevol anomalia ha de ser comunicada per escrit al correu electr\u00f2nic: etecmed@etecmed.com, abans de les 24 hores des de la recepci\u00f3 de la mercaderia. En cas contrari NO ens farem c\u00e0rrec de posteriors reclamacions.<\/li>\n<\/ol>\n<p>&nbsp;<\/p>\n<h3><strong>CANVIS I DEVOLUCIONS<\/strong><\/h3>\n<p>Si per error de client a l&#8217;efectuar la comanda s&#8217;ha de realitzar qualsevol canvi o devoluci\u00f3, cal comunicar-ho en els seg\u00fcents 15 dies de la recepci\u00f3 de la mercaderia, originant les despeses d&#8217;enviament i recollida per compte de client. Nom\u00e9s s&#8217;admetr\u00e0 devoluci\u00f3 de mercaderia quan el material es retorni en perfecte estat, precintat i amb l&#8217;embalatge original. L&#8217;import a abonar en compte o compensar amb una altra comanda, dependr\u00e0 del resultat de la inspecci\u00f3 i acord entre les dues parts. Les despeses originades per la inspecci\u00f3 i manipulaci\u00f3, a m\u00e9s de les despeses d&#8217;enviament, manipulaci\u00f3 de muntatge i recollida es descomptaran de la mateixa.<\/p>\n<h3><strong>GARANTIA<\/strong><\/h3>\n<p>ETECMED, respondr\u00e0 a les faltes de conformitat del producte, en un termini d&#8217;1 any a partir del moment del lliurament de l&#8217;equip, garantia segons la normativa vigent. Queden exclosos de tota garantia els defectes i deterioraments produ\u00efts per fets externs, accidents el\u00e8ctrics, pujades de tensi\u00f3, accidents generals o per desgast i utilitzaci\u00f3 indeguda, reparats o manipulats per personal no autoritzat. Igualment quedar\u00e0 excl\u00f2s el muntatge o desmuntatge de l&#8217;article, si aquest servei no est\u00e0 detallat en el manual d&#8217;\u00fas. Qualsevol reclamaci\u00f3 haur\u00e0 d&#8217;anar acompanyada de la factura de compra de l&#8217;equip per part del client, i l&#8217;equip haur\u00e0 de presentar el n\u00famero de s\u00e8rie ETM que porta a la part posterior. Si no es presenta aquesta informaci\u00f3, l&#8217;equip quedar\u00e0 fora de garantia. Durant el per\u00edode de reparaci\u00f3 o revisi\u00f3, ETECMED no substituir\u00e0 el producte. Si el producte est\u00e0 en garantia, els ports de recollida i enviament seran a c\u00e0rrec d&#8217;ETECMED. Per\u00f2 en el cas que el producte fos recollit per ETECMED i a l&#8217;\u00e9sser revisat, la reparaci\u00f3 estigu\u00e9s fora de garantia, els ports de recollida es carregaran en factura de reparaci\u00f3, i el client o distribu\u00efdor es far\u00e0 c\u00e0rrec de la recollida de la mateixa. Tot producte fora de el per\u00edode de garantia, el client o distribu\u00efdor es far\u00e0 c\u00e0rrec de l&#8217;enviament i recollida de material. ETECMED contactar\u00e0 amb el distribu\u00efdor per a qualsevol tipus de comunicaci\u00f3, i en cap cas amb l&#8217;usuari final, sent aquest client del distribu\u00efdor.<\/p>\n<h3>SERVEI T\u00c8CNIC I POSTVENDA<\/h3>\n<p>ETECMED nom\u00e9s oferir\u00e0 servei t\u00e8cnic i de postvenda als seus productes, no a similars i altres comprats a altres empreses. Quan s&#8217;envia un aparell al servei t\u00e8cnic per a la seva valoraci\u00f3, per cada pressupost no acceptat, es facturar\u00e0 2\/4 d&#8217;hora de feina i els ports de recollida i devoluci\u00f3 si fos el cas.<\/p>\n","protected":false},"excerpt":{"rendered":"<p>Condicions generals de venda ETECMED, S.L. es reserva el dret de modificar les caracter\u00edstiques, preus i refer\u00e8ncies de tots els nostres productes sense previ av\u00eds. En el moment, que el client \/ distribu\u00efdor fa una comanda, est\u00e0 acceptant les condicions generals de venda d&#8217;ETECMED. Les imatges que apareixen a la web, cat\u00e0leg i ofertes s\u00f3n&hellip;<\/p>\n","protected":false},"author":1,"featured_media":0,"parent":0,"menu_order":0,"comment_status":"closed","ping_status":"closed","template":"","meta":{"footnotes":""},"class_list":["post-1558","page","type-page","status-publish","hentry","description-off"],"_links":{"self":[{"href":"https:\/\/etecmed.com\/ca\/wp-json\/wp\/v2\/pages\/1558","targetHints":{"allow":["GET"]}}],"collection":[{"href":"https:\/\/etecmed.com\/ca\/wp-json\/wp\/v2\/pages"}],"about":[{"href":"https:\/\/etecmed.com\/ca\/wp-json\/wp\/v2\/types\/page"}],"author":[{"embeddable":true,"href":"https:\/\/etecmed.com\/ca\/wp-json\/wp\/v2\/users\/1"}],"replies":[{"embeddable":true,"href":"https:\/\/etecmed.com\/ca\/wp-json\/wp\/v2\/comments?post=1558"}],"version-history":[{"count":8,"href":"https:\/\/etecmed.com\/ca\/wp-json\/wp\/v2\/pages\/1558\/revisions"}],"predecessor-version":[{"id":2335,"href":"https:\/\/etecmed.com\/ca\/wp-json\/wp\/v2\/pages\/1558\/revisions\/2335"}],"wp:attachment":[{"href":"https:\/\/etecmed.com\/ca\/wp-json\/wp\/v2\/media?parent=1558"}],"curies":[{"name":"wp","href":"https:\/\/api.w.org\/{rel}","templated":true}]}}