{"id":1556,"date":"2020-06-08T14:18:01","date_gmt":"2020-06-08T12:18:01","guid":{"rendered":"https:\/\/etecmed.com\/?page_id=1556"},"modified":"2020-07-01T13:47:41","modified_gmt":"2020-07-01T11:47:41","slug":"politica-de-privacitat","status":"publish","type":"page","link":"https:\/\/etecmed.com\/ca\/politica-de-privacitat\/","title":{"rendered":"Pol\u00edtica de Privacitat"},"content":{"rendered":"<h3>Introducci\u00f3<\/h3>\n<p>ETECMED \u00e9s una empresa que d&#8217;acord amb el que estableix el Reglament UE 2016\/679 de el Parlament Europeu i de Consell de 27 d&#8217;abril de 2016, relatiu a la protecci\u00f3 de les persones f\u00edsiques pel que fa a el tractament de les dades personals ia la lliure circulaci\u00f3 d&#8217;aquestes, ha desenvolupat procediments globals sobre l&#8217;\u00fas de la informaci\u00f3 per tal de garantir el respecte de la privacitat i la protecci\u00f3 de les dades dels usuaris. La nostra Pol\u00edtica de Privacitat exposa els procediments que aplica ETECMED a la informaci\u00f3 enviada per Internet per al maneig de les dades de car\u00e0cter personal i no personal, i est\u00e0 elaborada d&#8217;acord amb les lleis i normatives aplicables a Espanya. Li preguem que llegeixi atentament aquesta Pol\u00edtica de Privacitat abans d&#8217;utilitzar la p\u00e0gina web de ETECMED (ara anomenarem &#8220;Lloc&#8221;).<\/p>\n<h3>Com s&#8217;utiliza la seva informaci\u00f3?<\/h3>\n<p>ETECMED no vendr\u00e0, llogar\u00e0, prestar\u00e0 ni cedir\u00e0 la seva informaci\u00f3 personal a tercers tret que vost\u00e8 ho autoritzi o ETECMED estigui obligat a fer per llei. ETECMED no usar\u00e0 ni compartir\u00e0 la informaci\u00f3 personal que vost\u00e8 ens faciliti a trav\u00e9s d&#8217;Internet per a finalitats no relacionades amb les aqu\u00ed descrites. En el cas de requerir els seus dades per a altres fins, se li comunicar\u00e0 perqu\u00e8 pugui acceptar si aix\u00ed ho desitja. Nom\u00e9s compartirem la seva informaci\u00f3 personal amb entitats de ETECMED (incloses empreses filials i associades) i \/ o amb col\u00b7laboradors que actu\u00efn en el nostre nom per subministrar el servei o la informaci\u00f3 que vost\u00e8 ha sol\u00b7licitat, aix\u00ed com per consolidar l&#8217;emmagatzematge de dades o per a simplificar la gesti\u00f3 de les dades dels clients. Aquestes entitats i \/ o col\u00b7laboradors de ETECMED estan subjectes a la nostra Pol\u00edtica de Privacitat pel que fa a l&#8217;\u00fas de la informaci\u00f3 de car\u00e0cter personal, aix\u00ed com als acords de confidencialitat aplicables en cada cas.<\/p>\n<h3>Quina informaci\u00f3 recopilem?<\/h3>\n<p><strong>Informaci\u00f3 no personal<\/strong><\/p>\n<p>En visitar el nostre Lloc, vost\u00e8 pot realitzar diverses operacions sense necessitat de facilitar-nos les seves dades personals. No obstant aix\u00f2, fem servir per a recopilar i reunir informaci\u00f3 sobre les p\u00e0gines visitades, l&#8217;ordre en qu\u00e8 han estat visitades i els enlla\u00e7os utilitzats, entre altres dades. Aquesta informaci\u00f3 no est\u00e0 relacionada amb cap dada d&#8217;identificaci\u00f3 personal. La informaci\u00f3 de car\u00e0cter no personal que recopilem ens ajuda a identificar les zones m\u00e9s visitades del nostre Lloc ia con\u00e8ixer l&#8217;efic\u00e0cia de les nostres activitats promocionals.<\/p>\n<p><strong>Informaci\u00f3 personal<\/strong><\/p>\n<p>En alguns espais de el lloc de ETECMED, pot realitzar sol\u00b7licituds, expressar la seva opini\u00f3 o subscriure a un dels nostres serveis a Internet. Les dades d&#8217;identificaci\u00f3 personals que es poden recopilar en aquestes p\u00e0gines poden ser de el mateix tipus que les seg\u00fcents: nom, adre\u00e7a, adre\u00e7a de correu electr\u00f2nic, n\u00famero de tel\u00e8fon, n\u00famero de fax i informaci\u00f3 sobre la seva opini\u00f3 i \u00fas de diversos serveis. ETECMED utilitza totes aquestes dades per a comprendre millor les seves necessitats i oferir-li un millor servei. Les dades personals contingudes en el formulari seran conservats per l&#8217;entitat per temps indefinit o pel temps establert per la normativa aplicable en cada cas. Amb la signatura de la present sol\u00b7licitud consent expressament la comunicaci\u00f3 de les seves dades per part de ETECMED amb entitats Liliales o associades, amb finalitats pr\u00f2pies de gesti\u00f3, aix\u00ed com per poder mantenir-lo informat de les novetats, activitats, projectes que duguin a terme. L&#8217;informem que no est\u00e0 prevista la realitzaci\u00f3 de transfer\u00e8ncies internacionals de dades.<\/p>\n<h3>Per qu\u00e8 recopilem la seva informaci\u00f3 personal?<\/h3>\n<p><strong>Llistes de correu<\/strong><\/p>\n<p>De vegades, ETECMED ofereix als visitants la possibilitat de facilitar la seva adre\u00e7a de correu electr\u00f2nic per tal de rebre un butllet\u00ed de not\u00edcies o informaci\u00f3 sobre un servei. Aquestes adreces de correu nom\u00e9s s&#8217;utilitzaran amb aquesta finalitat i mai es compartiran amb altres empreses llevat que vost\u00e8 aix\u00ed ho autoritzi.<\/p>\n<h3>Com protegim la seva informaci\u00f3?<\/h3>\n<p>Per impedir l&#8217;acc\u00e9s o la revelaci\u00f3 de dades no autoritzades, aix\u00ed com per mantenir la precisi\u00f3 de les dades i garantir un \u00fas adequat de la informaci\u00f3, hem emprat mitjans f\u00edsics, electr\u00f2nics i de gesti\u00f3 per a salvaguardar les dades que hem recopilat a trav\u00e9s d&#8217;Internet.<\/p>\n<h3>Acc\u00e9s a la seva informaci\u00f3<\/h3>\n<p>Vost\u00e8 t\u00e9 el dret d&#8217;accedir a la seva informaci\u00f3 personal, rectificar i suprimir-la en qualsevol moment, aix\u00ed com t\u00e9 dret a oposar-se a el tractament de les seves dades Tamb\u00e9 t\u00e9 el dret de sol\u00b7licitar i obtenir una limitaci\u00f3 de el tractament de les seves dades, aix\u00ed com de sol\u00b7licitar la portabilitat de les seves dades a un altre responsable. Per exercir aquests drets, poseu-vos en contacte amb nosaltres al formulari de contacte d&#8217;aquesta p\u00e0gina web.<\/p>\n<h3>Llocs web de tercers<\/h3>\n<p>La nostra Pol\u00edtica de Privacitat nom\u00e9s s&#8217;aplica als espais del lloc web controlats per ETECMED, i els enlla\u00e7os a p\u00e0gines web de tercers nom\u00e9s es faciliten per a la seva comoditat. \u00c9s recomanable que consulti la pol\u00edtica de privacitat d&#8217;aquests llocs web abans de facilitar-los dades de car\u00e0cter personal. ETECMED no ha revisat tots els llocs web de tercers, no t\u00e9 control algun sobre ells i declina tota responsabilitat pel que fa a aquests llocs, el seu contingut i les seves pol\u00edtiques de privacitat. Per aix\u00f2, ETECMED no aprova ni actua en representaci\u00f3 d&#8217;aquestes p\u00e0gines web ni de la informaci\u00f3, els productes o altres materials que puguin contenir.<\/p>\n<h3>Com pot contactar amb nosaltres?<\/h3>\n<p>La seva opini\u00f3 \u00e9s molt important per a nosaltres. Si t\u00e9 alguna pregunta o desitja realitzar algun comentari sobre la nostra Pol\u00edtica de Privacitat, poseu-vos en contacte amb nosaltres al formulari de contacte d&#8217;aquesta p\u00e0gina web. Tamb\u00e9 pot fer-ho escrivint a:<\/p>\n<h3>Dades de contacte<\/h3>\n<p>ETECMED<br \/>\nCarrer Llu\u00eds Torres 11<br \/>\nArb\u00facies, Girona<br \/>\netecmed@etecmed.com<br \/>\n972162083<\/p>\n","protected":false},"excerpt":{"rendered":"<p>Introducci\u00f3 ETECMED \u00e9s una empresa que d&#8217;acord amb el que estableix el Reglament UE 2016\/679 de el Parlament Europeu i de Consell de 27 d&#8217;abril de 2016, relatiu a la protecci\u00f3 de les persones f\u00edsiques pel que fa a el tractament de les dades personals ia la lliure circulaci\u00f3 d&#8217;aquestes, ha desenvolupat procediments globals sobre&hellip;<\/p>\n","protected":false},"author":1,"featured_media":0,"parent":0,"menu_order":0,"comment_status":"closed","ping_status":"closed","template":"","meta":{"footnotes":""},"class_list":["post-1556","page","type-page","status-publish","hentry","description-off"],"_links":{"self":[{"href":"https:\/\/etecmed.com\/ca\/wp-json\/wp\/v2\/pages\/1556","targetHints":{"allow":["GET"]}}],"collection":[{"href":"https:\/\/etecmed.com\/ca\/wp-json\/wp\/v2\/pages"}],"about":[{"href":"https:\/\/etecmed.com\/ca\/wp-json\/wp\/v2\/types\/page"}],"author":[{"embeddable":true,"href":"https:\/\/etecmed.com\/ca\/wp-json\/wp\/v2\/users\/1"}],"replies":[{"embeddable":true,"href":"https:\/\/etecmed.com\/ca\/wp-json\/wp\/v2\/comments?post=1556"}],"version-history":[{"count":4,"href":"https:\/\/etecmed.com\/ca\/wp-json\/wp\/v2\/pages\/1556\/revisions"}],"predecessor-version":[{"id":1986,"href":"https:\/\/etecmed.com\/ca\/wp-json\/wp\/v2\/pages\/1556\/revisions\/1986"}],"wp:attachment":[{"href":"https:\/\/etecmed.com\/ca\/wp-json\/wp\/v2\/media?parent=1556"}],"curies":[{"name":"wp","href":"https:\/\/api.w.org\/{rel}","templated":true}]}}