{"id":1554,"date":"2020-06-08T14:17:34","date_gmt":"2020-06-08T12:17:34","guid":{"rendered":"https:\/\/etecmed.com\/?page_id=1554"},"modified":"2020-06-10T13:21:10","modified_gmt":"2020-06-10T11:21:10","slug":"politica-de-cookies","status":"publish","type":"page","link":"https:\/\/etecmed.com\/ca\/politica-de-cookies\/","title":{"rendered":"Pol\u00edtica de cookies"},"content":{"rendered":"<p>La present pol\u00edtica de cookies t\u00e9 per finalitat informar de manera clara i precisa sobre les cookies que s&#8217;utilitzen en la p\u00e0gina web de Etecmed, S.L.<\/p>\n<p>&nbsp;<\/p>\n<h3><strong>\u00bfQu\u00e8 s\u00f3n les cookies?<\/strong><\/h3>\n<p><strong>\u00a0<\/strong><\/p>\n<p>Una cookie \u00e9s un petit fragment de text que els llocs web que visita envien a el navegador i que permet que el lloc web recordi informaci\u00f3 sobre la seva visita, com el seu idioma preferit i altres opcions, per facilitar la seva pr\u00f2xima visita i fer que el lloc li resulti m\u00e9s \u00fatil. Les cookies tenen un paper molt important i contribueixen a tenir una millor experi\u00e8ncia de navegaci\u00f3 per a l&#8217;usuari.<\/p>\n<p>&nbsp;<\/p>\n<h3><strong>Cookies utilizades al web<\/strong><\/h3>\n<p><strong>\u00a0<\/strong><\/p>\n<p>La p\u00e0gina web de Etecmed, S.L. utilitza la seg\u00fcent tipologia de cookies:<\/p>\n<ul>\n<li>Galetes pr\u00f2pies: les que s&#8217;envien a l&#8217;equip terminal de l&#8217;usuari des d&#8217;un equip o domini gestionat pel propi editor i des del qual es presta el servei sol\u00b7licitat per l&#8217;usuari.<\/li>\n<li>Galetes de tercers: aquelles que s&#8217;envien a l&#8217;equip terminal de l&#8217;usuari des d&#8217;un equip o domini que no \u00e9s gestionat per l&#8217;editor, sin\u00f3 per una altra entitat que tracta les dades obtingudes mitjan\u00e7ant les cookies.<\/li>\n<li>Galetes de sessi\u00f3: dissenyades per a recaptar i emmagatzemar dades mentre l&#8217;usuari accedeix a una p\u00e0gina web. Se solen emprar per emmagatzemar informaci\u00f3 que nom\u00e9s interessa conservar per a la prestaci\u00f3 de el servei sol\u00b7licitat per l&#8217;usuari en una sola ocasi\u00f3 (per exemple una llista de productes adquirits).<\/li>\n<li>Galetes persistents: les dades segueixen emmagatzemats en el terminal i poden ser accedits i tractats durant un per\u00edode definit pel responsable de la galeta, i que pot anar d&#8217;uns minuts a diversos anys.<\/li>\n<li>Galetes t\u00e8cniques: aquelles que permeten a l&#8217;usuari la navegaci\u00f3 a trav\u00e9s d&#8217;una p\u00e0gina web, plataforma o aplicaci\u00f3 i la utilitzaci\u00f3 de les diferents opcions o serveis que en ella hagi com, per exemple, controlar el tr\u00e0nsit i la comunicaci\u00f3 de dades, identificar la sessi\u00f3 , accedir a parts d&#8217;acc\u00e9s restringit, recordar els elements que integren una comanda, realitzar el proc\u00e9s de compra d&#8217;una comanda, realitzar la sol\u00b7licitud d&#8217;inscripci\u00f3 o participaci\u00f3 en un esdeveniment, utilitzar elements de seguretat durant la navegaci\u00f3, emmagatzemar continguts per a la difusi\u00f3 de v\u00eddeos o so o compartir continguts a trav\u00e9s de xarxes socials.<\/li>\n<li>Galetes de personalitzaci\u00f3: permeten l&#8217;usuari accedir a el servei amb algunes caracter\u00edstiques de car\u00e0cter general predefinides en funci\u00f3 d&#8217;una s\u00e8rie de criteris en el terminal de l&#8217;usuari com serien l&#8217;idioma, el tipus de navegador mitjan\u00e7ant el qual accedeix a el servei, la configuraci\u00f3 regional des d&#8217;on s&#8217;accedeix a el servei, etc.<\/li>\n<li>Galetes d&#8217;an\u00e0lisi: permeten el responsable de les mateixes, el seguiment i an\u00e0lisi de l&#8217;comportament dels usuaris dels llocs web als que estan vinculades. La informaci\u00f3 recollida mitjan\u00e7ant aquest tipus de galetes s&#8217;utilitza en el mesurament de l&#8217;activitat dels llocs web, aplicaci\u00f3 o plataforma i per a l&#8217;elaboraci\u00f3 de perfils de navegaci\u00f3 dels usuaris d&#8217;aquests llocs, aplicacions i plataformes, per tal d&#8217;introduir millores en funci\u00f3 de l&#8217;an\u00e0lisi de les dades d&#8217;\u00fas que fan els usuaris de el servei.<\/li>\n<li>Galetes publicit\u00e0ries: permeten la gesti\u00f3, de la forma m\u00e9s efica\u00e7 possible, els espais publicitaris.<\/li>\n<li>Galetes de publicitat comportamental: emmagatzemen informaci\u00f3 de l&#8217;comportament dels usuaris obtinguda a trav\u00e9s de l&#8217;observaci\u00f3 continuada dels seus h\u00e0bits de navegaci\u00f3, el que permet desenvolupar un perfil espec\u00edfic per mostrar publicitat en funci\u00f3 de la mateixa.<\/li>\n<li>Galetes de xarxes socials externes: s&#8217;utilitzen perqu\u00e8 els visitants puguin interactuar amb el contingut de diferents plataformes socials (facebook, youtube, twitter, linkedin, etc ..) i que es generin \u00fanicament per als usuaris d&#8217;aquestes xarxes socials. Les condicions d&#8217;utilitzaci\u00f3 d&#8217;aquestes galetes i la informaci\u00f3 recopilada es regula per la pol\u00edtica de privacitat de la plataforma social corresponent.<\/li>\n<\/ul>\n<p>&nbsp;<\/p>\n<h3><strong>Acceptaci\u00f3 de la pol\u00edtica de cookies<\/strong><\/h3>\n<p><strong>\u00a0<\/strong><\/p>\n<p>Si vost\u00e8 accepta l&#8217;\u00fas de galetes, haur\u00e0 de pr\u00e9mer el bot\u00f3 &#8220;acceptar&#8221;, altrament no s&#8217;instal\u00b7lar\u00e0 cap cookies en el seu ordinador, sent possible que algunes funcionalitats del web es vegin afectades.<\/p>\n<p>&nbsp;<\/p>\n<h3><strong>Com modificar la configuraci\u00f3 de les cookies<\/strong><\/h3>\n<p><strong>\u00a0<\/strong><\/p>\n<p>Pot vost\u00e8 permetre, bloquejar o eliminar les cookies instal\u00b7lades en el seu equip mitjan\u00e7ant la configuraci\u00f3 de les opcions de el navegador en el seu ordinador:<\/p>\n<p>&nbsp;<\/p>\n<ul>\n<li>Microsoft Internet Explorer o Microsoft Edge: <a href=\"http:\/\/windows.microsoft.com\/es-es\/windows-vista\/Block-or-allow-cookies\">http:\/\/windows.microsoft.com\/ es-ca \/ windows-vista \/ Block-or-allow-cookies<\/a><\/li>\n<li>Mozilla Firefox: <a href=\"http:\/\/support.mozilla.org\/es\/kb\/impedir-que-los-sitios-web-guarden-sus-preferencia\">http:\/\/support.mozilla.org\/es\/kb\/impedir-que-los-sitios-web-guarden-sus-preferencia<\/a><\/li>\n<li>Chrome: <a href=\"https:\/\/support.google.com\/accounts\/answer\/61416?hl=es\">https:\/\/support.google.com\/accounts\/answer\/61416?hl=es<\/a><\/li>\n<li>Safari: <a href=\"http:\/\/safari.helpmax.net\/es\/privacidad-y-seguridad\/como-gestionar-las-cookies\/\">http:\/\/safari.helpmax.net\/es\/privacidad-y-seguridad\/como-gestionar-las-cookies\/<\/a><\/li>\n<li>Opera: <a href=\"http:\/\/help.opera.com\/Linux\/10.60\/es-ES\/cookies.html\">http:\/\/help.opera.com\/Linux\/10.60\/es-ES\/cookies.html<\/a><\/li>\n<\/ul>\n","protected":false},"excerpt":{"rendered":"<p>La present pol\u00edtica de cookies t\u00e9 per finalitat informar de manera clara i precisa sobre les cookies que s&#8217;utilitzen en la p\u00e0gina web de Etecmed, S.L. &nbsp; \u00bfQu\u00e8 s\u00f3n les cookies? \u00a0 Una cookie \u00e9s un petit fragment de text que els llocs web que visita envien a el navegador i que permet que el&hellip;<\/p>\n","protected":false},"author":1,"featured_media":0,"parent":0,"menu_order":0,"comment_status":"closed","ping_status":"closed","template":"","meta":{"footnotes":""},"class_list":["post-1554","page","type-page","status-publish","hentry","description-off"],"_links":{"self":[{"href":"https:\/\/etecmed.com\/ca\/wp-json\/wp\/v2\/pages\/1554","targetHints":{"allow":["GET"]}}],"collection":[{"href":"https:\/\/etecmed.com\/ca\/wp-json\/wp\/v2\/pages"}],"about":[{"href":"https:\/\/etecmed.com\/ca\/wp-json\/wp\/v2\/types\/page"}],"author":[{"embeddable":true,"href":"https:\/\/etecmed.com\/ca\/wp-json\/wp\/v2\/users\/1"}],"replies":[{"embeddable":true,"href":"https:\/\/etecmed.com\/ca\/wp-json\/wp\/v2\/comments?post=1554"}],"version-history":[{"count":3,"href":"https:\/\/etecmed.com\/ca\/wp-json\/wp\/v2\/pages\/1554\/revisions"}],"predecessor-version":[{"id":1617,"href":"https:\/\/etecmed.com\/ca\/wp-json\/wp\/v2\/pages\/1554\/revisions\/1617"}],"wp:attachment":[{"href":"https:\/\/etecmed.com\/ca\/wp-json\/wp\/v2\/media?parent=1554"}],"curies":[{"name":"wp","href":"https:\/\/api.w.org\/{rel}","templated":true}]}}