{"id":1552,"date":"2020-06-08T14:17:12","date_gmt":"2020-06-08T12:17:12","guid":{"rendered":"https:\/\/etecmed.com\/?page_id=1552"},"modified":"2024-01-26T13:23:36","modified_gmt":"2024-01-26T11:23:36","slug":"enviaments-i-devolucions","status":"publish","type":"page","link":"https:\/\/etecmed.com\/ca\/enviaments-i-devolucions\/","title":{"rendered":"Enviaments i devolucions"},"content":{"rendered":"<h3><strong>PORTS D&#8217;ENVIAMENT<\/strong><\/h3>\n<ul>\n<li>PAGATS per a comandes superiors a:<br \/>\nPen\u00ednsula: 175 euros nets<br \/>\nBalears: 250 euros nets Illes<br \/>\nCan\u00e0ries: 400 euros nets<\/li>\n<li>DEGUTS per a la resta de comandes.<\/li>\n<\/ul>\n<p>En els casos que la mercaderia s&#8217;envi\u00ef a PORTS DEGUTS, si la mercaderia viatja amb la nostra log\u00edstica es carregar\u00e0 l&#8217;import de les despeses en la factura; no es far\u00e0, si viatja per compte i risc de la log\u00edstica enviada i triada pel Distribu\u00efdor. ETECMED no ser\u00e0 responsable de les demores en el despatx duaner ni si les autoritats locals decideixen confiscar qualsevol element contingut en un enviament. S&#8217;intentar\u00e0 que l&#8217;enviament de la comanda es realitzi en el menor temps possible, per\u00f2 el receptor haur\u00e0 de tenir en compte les disposicions de les duanes i no t\u00e9 responsabilitat sobre les mateixes. Tampoc seran imputables a ETECMED els efectes produ\u00efts per vagues o altres circumst\u00e0ncies alienes al seu control. El destinatari ser\u00e0 responsable de totes les despeses d&#8217;importaci\u00f3 i impostos que es generin a la duana de destinaci\u00f3, tant si se li lliura la mercaderia com si no es fa c\u00e0rrec d&#8217;ella.<\/p>\n<h3><strong>RECEPCI\u00d3 DE MERCADERIA<\/strong><\/h3>\n<p><strong> Abans de signar o segellar l&#8217;albar\u00e0 de lliurament de transportista han de comprovar el nombre de paquets que corresponen al lliurament.<\/strong><\/p>\n<ol>\n<li>En el cas de rebre paquets en mal estat o amb aparen\u00e7a d&#8217;haver estat manipulats, feu constar aix\u00f2 en l&#8217;albar\u00e0 d&#8217;entrega de transportista.<\/li>\n<li>Qualsevol anomalia ha de ser comunicada per escrit al correu electr\u00f2nic: etecmed@etecmed.com, abans de les 24 hores des de la recepci\u00f3 de la mercaderia (enviar escrit descrivint l&#8217;anomalia i amb v\u00e0ries fotos). En cas contrari NO ens farem c\u00e0rrec de posteriors reclamacions.<\/li>\n<\/ol>\n<p>&nbsp;<\/p>\n<h3><strong>CANVIS I DEVOLUCIONS<\/strong><\/h3>\n<p>Si per error de client a l&#8217;efectuar la comanda s&#8217;ha de realitzar qualsevol canvi o devoluci\u00f3, comuniqui-ho en els seg\u00fcents 15 dies de la recepci\u00f3 de la mercaderia, originant les despeses d&#8217;enviament i recollida per compte de client. Nom\u00e9s s&#8217;admetr\u00e0 devoluci\u00f3 de mercaderia quan el material es retorni en perfecte estat, precintat i amb l&#8217;embalatge original. L&#8217;import a abonar en compte o compensar amb una altra comanda, dependr\u00e0 de el resultat de la inspecci\u00f3 i acord entre les dues parts. Les despeses originades per la inspecci\u00f3 i manipulaci\u00f3, a m\u00e9s de les despeses d&#8217;enviament, manipulaci\u00f3 de muntatge i recollida es descomptaran de la mateixa.<\/p>\n","protected":false},"excerpt":{"rendered":"<p>PORTS D&#8217;ENVIAMENT PAGATS per a comandes superiors a: Pen\u00ednsula: 175 euros nets Balears: 250 euros nets Illes Can\u00e0ries: 400 euros nets DEGUTS per a la resta de comandes. En els casos que la mercaderia s&#8217;envi\u00ef a PORTS DEGUTS, si la mercaderia viatja amb la nostra log\u00edstica es carregar\u00e0 l&#8217;import de les despeses en la factura;&hellip;<\/p>\n","protected":false},"author":1,"featured_media":0,"parent":0,"menu_order":0,"comment_status":"closed","ping_status":"closed","template":"","meta":{"footnotes":""},"class_list":["post-1552","page","type-page","status-publish","hentry","description-off"],"_links":{"self":[{"href":"https:\/\/etecmed.com\/ca\/wp-json\/wp\/v2\/pages\/1552","targetHints":{"allow":["GET"]}}],"collection":[{"href":"https:\/\/etecmed.com\/ca\/wp-json\/wp\/v2\/pages"}],"about":[{"href":"https:\/\/etecmed.com\/ca\/wp-json\/wp\/v2\/types\/page"}],"author":[{"embeddable":true,"href":"https:\/\/etecmed.com\/ca\/wp-json\/wp\/v2\/users\/1"}],"replies":[{"embeddable":true,"href":"https:\/\/etecmed.com\/ca\/wp-json\/wp\/v2\/comments?post=1552"}],"version-history":[{"count":5,"href":"https:\/\/etecmed.com\/ca\/wp-json\/wp\/v2\/pages\/1552\/revisions"}],"predecessor-version":[{"id":2316,"href":"https:\/\/etecmed.com\/ca\/wp-json\/wp\/v2\/pages\/1552\/revisions\/2316"}],"wp:attachment":[{"href":"https:\/\/etecmed.com\/ca\/wp-json\/wp\/v2\/media?parent=1552"}],"curies":[{"name":"wp","href":"https:\/\/api.w.org\/{rel}","templated":true}]}}