{"id":1550,"date":"2020-06-08T14:16:21","date_gmt":"2020-06-08T12:16:21","guid":{"rendered":"https:\/\/etecmed.com\/?page_id=1550"},"modified":"2023-12-28T11:18:36","modified_gmt":"2023-12-28T09:18:36","slug":"avis-legal","status":"publish","type":"page","link":"https:\/\/etecmed.com\/ca\/avis-legal\/","title":{"rendered":"Av\u00eds legal"},"content":{"rendered":"<p><strong>AV\u00cdS LEGAL<\/strong><\/p>\n<p>En compliment de l&#8217;article 10 de la Llei 34\/2002, d&#8217; 11 de juliol, sobre Serveis de la Societat de la Informaci\u00f3 i Comer\u00e7 Electr\u00f2nic (LSSI-CE), l&#8217;informem que el titular de la p\u00e0gina web\u00a0 (en endavant, la &#8220;Web&#8221;) \u00e9s Etecmed, S.L, domiciliada a Arb\u00facies, C\/ Llu\u00eds Torres, 11, baixos A, CP 17401, amb CIF B64694359, i inscrita inscrita al Registre Mercantil de Barcelona, al tom 40082, foli 0197, Full 359301 (en endavant, \u201cEtecmed, S.L &#8220;).<\/p>\n<p>N\u00famero RII_AEE: <b>12674<\/b><\/p>\n<p>Les comunicacions que es facin necess\u00e0ries entre Etecmed, S.L. i l&#8217;Usuari, hauran de dirigir-se al Servei d&#8217;Atenci\u00f3 al Client mitjan\u00e7ant l&#8217;enviament d&#8217;un correu electr\u00f2nic a <a href=\"mailto:etecmed@etecmed.com\">etecmed@etecmed.com<\/a>, trucant als n\u00fameros 972 162 083 \/ 692 991 685 \/ 638 414 349 o b\u00e9 mitjan\u00e7ant l&#8217;enviament d&#8217;una comunicaci\u00f3 escrita dirigida al nostre Departament d&#8217;Atenci\u00f3 al Client, a l&#8217;adre\u00e7a abans esmentada.<\/p>\n<p>El nostre horari d&#8217;atenci\u00f3 al client \u00e9s de dilluns a divendres de 9:00 a 14:00 i de 16:00 a 19:00 hores.<\/p>\n<p>&nbsp;<\/p>\n<ol>\n<li><strong> Acceptaci\u00f3 de les Condicions d&#8217;\u00das<\/strong><\/li>\n<\/ol>\n<p>1.1. Les presents Condicions d&#8217;\u00das tenen per finalitat regular la posada a disposici\u00f3 de la informaci\u00f3 i els serveis prestats per Etecmed, S.L. per mitj\u00e0 del web.<\/p>\n<p>1.2. En navegar per la web adquiriu autom\u00e0ticament la condici\u00f3 d&#8217;Usuari (des d&#8217;ara, &#8220;Un&#8221; o &#8220;Usuari&#8221;) i accepteu sense reserves de cap classe, a totes i cadascuna del present Av\u00eds Legal.<\/p>\n<p>1.3. Per comen\u00e7ar a utilitzar la web no ser\u00e0 necessari que l&#8217;Usuari es registri pr\u00e8viament, ni que accepti expressament el present Av\u00eds Legal. No obstant aix\u00f2, l&#8217;Usuari \u00e9s conscient que \u00e9s la seva obligaci\u00f3 con\u00e8ixer i respectar el present Av\u00eds Legal i la nostra Pol\u00edtica de Privacitat a partir del moment en qu\u00e8 accedeix a la web.<\/p>\n<p>1.4. Etecmed, S.L. podr\u00e0 modificar el present Av\u00eds Legal mitjan\u00e7ant la publicaci\u00f3 d&#8217;aquestes modificacions a la web per tal de que puguin ser conegudes pels Usuaris.<\/p>\n<ol start=\"2\">\n<li><strong>Drets de Propietat Intel\u00b7lectual i Industrial<\/strong><\/li>\n<\/ol>\n<p>2.1. Tot el contingut del web, incloent a t\u00edtol enunciatiu per\u00f2 no limitatiu la seva programaci\u00f3, edici\u00f3, compilaci\u00f3, dissenys, logotips, imatges, text i gr\u00e0fics, s\u00f3n propietat d&#8217;Etecmed, S.L., trobant protegits per la normativa nacional i internacional sobre propietat intel\u00b7lectual. L&#8217;acc\u00e9s per part de l&#8217;Usuari no li atorga cap dret de propietat a les mateixes.<\/p>\n<p>2.2. Si\u00a0 veieu en la web qualsevol contingut que pogu\u00e9s vulnerar drets de propietat intel\u00b7lectual i industrial, preguem ho feu con\u00e8ixer a Etecmed, S.L. amb la major brevetat possible, remetent un correu electr\u00f2nic a l&#8217;adre\u00e7a <a href=\"mailto:etecmed@etecmed.com\">etecmed@etecmed.com<\/a>.<\/p>\n<ol start=\"3\">\n<li><strong>Responsabilitat Civil<\/strong><\/li>\n<\/ol>\n<p>3.1. Etecmed, S.L. no respondr\u00e0 de cap dany o perjudici que l&#8217;Usuari pugui patir com a conseq\u00fc\u00e8ncia de la utilitzaci\u00f3 de la Web quan provi que ha complert les exig\u00e8ncies i dilig\u00e8ncies que exigeix la naturalesa de la web.<\/p>\n<p>3.2. No controlem, amb car\u00e0cter general, la utilitzaci\u00f3 que els Usuaris fan del Web. En particular, no garantim sota cap extrem que els Usuaris utilitzin la Web i les seves eines de conformitat amb la llei, el present Av\u00eds Legal, la moral i bons costums generalment acceptats i l&#8217;ordre p\u00fablic, ni tampoc que ho facin de forma diligent i prudent.<\/p>\n<p>3.4. En el cas que a la web es disposessin enlla\u00e7os o hipervincles cap a altres llocs d&#8217;Internet, no exercirem cap tipus de control sobre aquests llocs i continguts. En cap cas assumirem cap responsabilitat pels continguts d&#8217;algun enlla\u00e7 pertanyent a un web ali\u00e8, ni garantirem la disponibilitat t\u00e8cnica, qualitat i veracitat de qualsevol material o informaci\u00f3 continguda en els mateixos.<\/p>\n<ol start=\"4\">\n<li><strong> Exclusi\u00f3 de Garantia<\/strong><\/li>\n<\/ol>\n<p>4.1. No garantim que la web s&#8217;executi sense interrupcions, en temps \u00fatil, fiable, lliure d&#8217;errors o de virus i no ens fem responsable dels possibles danys o perjudicis que es puguin derivar d&#8217;interfer\u00e8ncies, omissions, interrupcions, virus inform\u00e0tics o desconnexions en el sistema operatiu d&#8217;aquest sistema electr\u00f2nic, motivades per causes alienes a Etecmed, S.L..<\/p>\n<p>4.2. \u00c9s responsabilitat de l&#8217;Usuari adoptar totes les mesures t\u00e8cniques adequades per controlar raonablement aquests riscos i evitar danys en els seus equips, p\u00e8rdua de dades i robatori d&#8217;informaci\u00f3 confidencial. A aquests efectes, ha de tenir sistemes actualitzats de detecci\u00f3 de programari malici\u00f3s, com ara virus, troians, etc., aix\u00ed com tenir actualitzats els pegats de seguretat dels corresponents navegadors que utilitzi.<\/p>\n<ol start=\"5\">\n<li><strong> Obligaci\u00f3 dels Usuaris<\/strong><\/li>\n<\/ol>\n<p>L&#8217;usuari es compromet a:<\/p>\n<p>5.1. Proporcionar a tots els formularis del web dades ver\u00eddiques i mantenir aquestes dades actualitzades. L&#8217;Usuari s&#8217;obliga a no utilitzar identitats falses, ni suplantar la identitat d&#8217;altres en la utilitzaci\u00f3 del web;<\/p>\n<p>5.2. No utilitzar imatges o informaci\u00f3 amb car\u00e0cter difamatori, injuri\u00f3s, obsc\u00e8, amena\u00e7ador, xen\u00f2fob, que inciti a la viol\u00e8ncia a la discriminaci\u00f3 per ra\u00f3 de ra\u00e7a, sexe, ideologia, religi\u00f3 o que de qualsevol forma atempti contra la moral, l&#8217;ordre p\u00fablic, els drets fonamentals, les llibertats p\u00fabliques, l&#8217;honor, la intimitat o la imatge de tercers i en general la normativa vigent;<\/p>\n<p>5.3. No introduir, emmagatzemar o difondre qualsevol contingut que infringeixi drets de propietat intel\u00b7lectual i industrial, el secret de les comunicacions i la legislaci\u00f3 de protecci\u00f3 de dades de car\u00e0cter personal;<\/p>\n<p>5.4. No utilitzar la web per realitzar activitats publicit\u00e0ries, promocionals o d&#8217;explotaci\u00f3 comercial;<\/p>\n<p>5.5. No introduir, emmagatzemar o difondre cap programa d&#8217;ordinador, dades, virus, codi, equip de maquinari o de telecomunicacions o qualsevol altre instrument o dispositiu electr\u00f2nic o f\u00edsic que sigui susceptible de causar danys en la web o d&#8217;impedir el normal funcionament dels mateixos;<\/p>\n<p>5.6. No destruir, alterar, utilitzar per al seu \u00fas, inutilitzar o danyar les dades, informacions, programes o documents electr\u00f2nics de Etecmed, S.L., els seus prove\u00efdors o tercers;<\/p>\n<p>5.7. No introduir o difondre qualsevol informaci\u00f3 i continguts falsos, ambigus o inexactes de manera que indueixi a error als receptors de la informaci\u00f3.<\/p>\n<ol start=\"6\">\n<li><strong>Menors d&#8217;edat<\/strong><\/li>\n<\/ol>\n<p>Amb car\u00e0cter general, per fer \u00fas del servei els menors d&#8217;edat han d&#8217;haver obtingut pr\u00e8viament l&#8217;autoritzaci\u00f3 dels seus pares, tutors o representants legals, que seran responsables de tots els actes realitzats a trav\u00e9s del web pels menors al seu c\u00e0rrec. En aquells serveis en qu\u00e8 expressament s&#8217;assenyali o que estigui determinat per llei, l&#8217;acc\u00e9s quedar\u00e0 restringit \u00fanica i exclusivament a majors de 18 anys.<\/p>\n<ol start=\"7\">\n<li><strong> Durada i terminaci\u00f3<\/strong><\/li>\n<\/ol>\n<p>La posada a disposici\u00f3 dels productes t\u00e9 una durada indefinida. Sense perjudici de l&#8217;anterior, estem facultats per donar per acabada, suspendre o interrompre unilateralment, en qualsevol moment i sense necessitat de preav\u00eds, la comercialitzaci\u00f3 dels nostres productes.<\/p>\n<ol start=\"8\">\n<li><strong> Llei aplicable i jurisdicci\u00f3<\/strong><\/li>\n<\/ol>\n<p>Aquest Av\u00eds Legal es regeix per la llei espanyola. Les parts se sotmeten, a elecci\u00f3, per a la resoluci\u00f3 dels conflictes i amb ren\u00fancia a qualsevol altre fur, als jutjats i tribunals del domicili de Santa Coloma de Farners.<\/p>\n","protected":false},"excerpt":{"rendered":"<p>AV\u00cdS LEGAL En compliment de l&#8217;article 10 de la Llei 34\/2002, d&#8217; 11 de juliol, sobre Serveis de la Societat de la Informaci\u00f3 i Comer\u00e7 Electr\u00f2nic (LSSI-CE), l&#8217;informem que el titular de la p\u00e0gina web\u00a0 (en endavant, la &#8220;Web&#8221;) \u00e9s Etecmed, S.L, domiciliada a Arb\u00facies, C\/ Llu\u00eds Torres, 11, baixos A, CP 17401, amb CIF&hellip;<\/p>\n","protected":false},"author":1,"featured_media":0,"parent":0,"menu_order":0,"comment_status":"closed","ping_status":"closed","template":"","meta":{"footnotes":""},"class_list":["post-1550","page","type-page","status-publish","hentry","description-off"],"_links":{"self":[{"href":"https:\/\/etecmed.com\/ca\/wp-json\/wp\/v2\/pages\/1550","targetHints":{"allow":["GET"]}}],"collection":[{"href":"https:\/\/etecmed.com\/ca\/wp-json\/wp\/v2\/pages"}],"about":[{"href":"https:\/\/etecmed.com\/ca\/wp-json\/wp\/v2\/types\/page"}],"author":[{"embeddable":true,"href":"https:\/\/etecmed.com\/ca\/wp-json\/wp\/v2\/users\/1"}],"replies":[{"embeddable":true,"href":"https:\/\/etecmed.com\/ca\/wp-json\/wp\/v2\/comments?post=1550"}],"version-history":[{"count":4,"href":"https:\/\/etecmed.com\/ca\/wp-json\/wp\/v2\/pages\/1550\/revisions"}],"predecessor-version":[{"id":2202,"href":"https:\/\/etecmed.com\/ca\/wp-json\/wp\/v2\/pages\/1550\/revisions\/2202"}],"wp:attachment":[{"href":"https:\/\/etecmed.com\/ca\/wp-json\/wp\/v2\/media?parent=1550"}],"curies":[{"name":"wp","href":"https:\/\/api.w.org\/{rel}","templated":true}]}}