{"id":1544,"date":"2020-06-08T12:03:04","date_gmt":"2020-06-08T10:03:04","guid":{"rendered":"https:\/\/etecmed.com\/?page_id=1544"},"modified":"2020-06-10T11:53:01","modified_gmt":"2020-06-10T09:53:01","slug":"contacta","status":"publish","type":"page","link":"https:\/\/etecmed.com\/ca\/contacta\/","title":{"rendered":"Contacta"},"content":{"rendered":"<div class=\"wpb-content-wrapper\"><p>[vc_row css=&#8221;.vc_custom_1550662968482{margin-bottom: -20px !important;}&#8221;][vc_column width=&#8221;2\/3&#8243;]\n<div class=\"wpcf7 no-js\" id=\"wpcf7-f1602-o1\" lang=\"es-ES\" dir=\"ltr\" data-wpcf7-id=\"1602\">\n<div class=\"screen-reader-response\"><p role=\"status\" aria-live=\"polite\" aria-atomic=\"true\"><\/p> <ul><\/ul><\/div>\n<form action=\"\/ca\/wp-json\/wp\/v2\/pages\/1544#wpcf7-f1602-o1\" method=\"post\" class=\"wpcf7-form init\" aria-label=\"Formulario de contacto\" novalidate=\"novalidate\" data-status=\"init\">\n<fieldset class=\"hidden-fields-container\"><input type=\"hidden\" name=\"_wpcf7\" value=\"1602\" \/><input type=\"hidden\" name=\"_wpcf7_version\" value=\"6.1.5\" \/><input type=\"hidden\" name=\"_wpcf7_locale\" value=\"es_ES\" \/><input type=\"hidden\" name=\"_wpcf7_unit_tag\" value=\"wpcf7-f1602-o1\" \/><input type=\"hidden\" name=\"_wpcf7_container_post\" value=\"0\" \/><input type=\"hidden\" name=\"_wpcf7_posted_data_hash\" value=\"\" \/><input type=\"hidden\" name=\"_wpcf7_recaptcha_response\" value=\"\" \/>\n<\/fieldset>\n<p><span class=\"wpcf7-form-control-wrap\" data-name=\"nom\"><input size=\"40\" maxlength=\"400\" class=\"wpcf7-form-control wpcf7-text wpcf7-validates-as-required\" aria-required=\"true\" aria-invalid=\"false\" value=\"Nom\" type=\"text\" name=\"nom\" \/><\/span>\n<\/p>\n<p><span class=\"wpcf7-form-control-wrap\" data-name=\"email\"><input size=\"40\" maxlength=\"400\" class=\"wpcf7-form-control wpcf7-email wpcf7-validates-as-required wpcf7-text wpcf7-validates-as-email\" aria-required=\"true\" aria-invalid=\"false\" value=\"Correu electr\u00f2nic\" type=\"email\" name=\"email\" \/><\/span>\n<\/p>\n<p><span class=\"wpcf7-form-control-wrap\" data-name=\"subject\"><input size=\"40\" maxlength=\"400\" class=\"wpcf7-form-control wpcf7-text wpcf7-validates-as-required\" aria-required=\"true\" aria-invalid=\"false\" value=\"Assumpte\" type=\"text\" name=\"subject\" \/><\/span>\n<\/p>\n<p><span class=\"wpcf7-form-control-wrap\" data-name=\"message\"><textarea cols=\"40\" rows=\"10\" maxlength=\"2000\" class=\"wpcf7-form-control wpcf7-textarea wpcf7-validates-as-required\" aria-required=\"true\" aria-invalid=\"false\" name=\"message\">Missatge<\/textarea><\/span>\n<\/p>\n<p>Us informem que, d'acord amb el Reglament (UE) 2016\/679 General de Protecci\u00f3 de Dades, posem a la vostra disposici\u00f3 la seg\u00fcent informaci\u00f3:\n<\/p>\n<p>El responsable del tractament de les vostres dades \u00e9s Etecmed, SL, amb CIF: B64694359 i domicili a Arb\u00facies, c \/ Llu\u00eds Torres, 11, baixos A - CP 17401. Us informem que tractarem la informaci\u00f3 que ens faciliteu per contestar la vostra sol\u00b7licitud d'informaci\u00f3. Les dades personals proporcionades es conservaran sempre i quan no sol\u00b7liciteu la seva supressi\u00f3.\n<\/p>\n<p>No comunicarem les vostres dades. Teniu dret a accedir a les vostres dades personals, aix\u00ed com sol\u00b7licitar la rectificaci\u00f3 de les dades inexactes o, si s'escau, sol\u00b7licitar la seva supressi\u00f3 quan, entre d'altres motius, les dades ja no siguin necess\u00e0ries per a la finalitat que van ser recollides. En aquestes circumst\u00e0ncies, podeu oposar-vos o sol\u00b7licitar la limitaci\u00f3 del tractament de les vostres dades, en aquest cas \u00fanicament les conservarem per motius leg\u00edtims imperiosos, o per l'exercici o la defensa de possibles reclamacions.\n<\/p>\n<p>La base legal per al tractament de les vostes dades \u00e9s el consentiment atorgat al marcar la casella d'acceptaci\u00f3 al final d'aquest formulari.\n<\/p>\n<p><span class=\"wpcf7-form-control-wrap\" data-name=\"acceptance\"><span class=\"wpcf7-form-control wpcf7-acceptance\"><span class=\"wpcf7-list-item\"><label><input type=\"checkbox\" name=\"acceptance\" value=\"1\" aria-invalid=\"false\" \/><span class=\"wpcf7-list-item-label\">He llegit i accepto la <a href=\"\/ca\/politica-de-privacitat\/\">Pol\u00edtica de privacitat<\/a> d'Etecmed<\/span><\/label><\/span><\/span><\/span>\n<\/p>\n<p><input class=\"wpcf7-form-control wpcf7-submit has-spinner\" type=\"submit\" value=\"Enviar\" \/>\n<\/p><div class=\"wpcf7-response-output\" aria-hidden=\"true\"><\/div>\n<\/form>\n<\/div>\n[\/vc_column][vc_column width=&#8221;1\/3&#8243; css=&#8221;.vc_custom_1550662962464{padding-bottom: 20px !important;}&#8221;]<div class=\"aio-icon-component   accent-icon-color accent-title-color style_1\"><div id=\"Info-box-wrap-1417\" class=\"aio-icon-box default-icon\" style=\"\"  ><div class=\"aio-icon-default\"><div class=\"ult-just-icon-wrapper  \"><div class=\"align-icon\" style=\"text-align:center;\">\n<div class=\"aio-icon none \"  style=\"color:#333;font-size:20px;display:inline-block;\">\n\t<i class=\"icomoon-the7-font-the7-map-02\"><\/i>\n<\/div><\/div><\/div><\/div><div class=\"aio-icon-header\" ><h3 class=\"aio-icon-title ult-responsive\"  data-ultimate-target='#Info-box-wrap-1417 .aio-icon-title'  data-responsive-json-new='{\"font-size\":\"desktop:15px;\",\"line-height\":\"desktop:15px;\"}'  style=\"font-weight:bold;\">Adre\u00e7a<\/h3><\/div> <!-- header --><div class=\"aio-icon-description ult-responsive\"  data-ultimate-target='#Info-box-wrap-1417 .aio-icon-description'  data-responsive-json-new='{\"font-size\":\"desktop:18px;\",\"line-height\":\"desktop:18px;\"}'  style=\"color:#222222;\">Carrer Llu\u00eds Torres 11 Arb\u00facies &#8211; Girona<\/div> <!-- description --><\/div> <!-- aio-icon-box --><\/div> <!-- aio-icon-component --><div class=\"aio-icon-component   accent-icon-color accent-title-color style_1\"><div id=\"Info-box-wrap-6201\" class=\"aio-icon-box default-icon\" style=\"\"  ><div class=\"aio-icon-default\"><div class=\"ult-just-icon-wrapper  \"><div class=\"align-icon\" style=\"text-align:center;\">\n<div class=\"aio-icon none \"  style=\"color:#333;font-size:20px;display:inline-block;\">\n\t<i class=\"icomoon-the7-font-the7-mail-01\"><\/i>\n<\/div><\/div><\/div><\/div><div class=\"aio-icon-header\" ><h3 class=\"aio-icon-title ult-responsive\"  data-ultimate-target='#Info-box-wrap-6201 .aio-icon-title'  data-responsive-json-new='{\"font-size\":\"desktop:15px;\",\"line-height\":\"desktop:15px;\"}'  style=\"font-weight:bold;\">Correu electr\u00f2nic<\/h3><\/div> <!-- header --><div class=\"aio-icon-description ult-responsive\"  data-ultimate-target='#Info-box-wrap-6201 .aio-icon-description'  data-responsive-json-new='{\"font-size\":\"desktop:18px;\",\"line-height\":\"desktop:18px;\"}'  style=\"color:#222222;\"><a href=\"mailto:etecmed@etecmed.com\">etecmed@etecmed.com<\/a><\/div> <!-- description --><\/div> <!-- aio-icon-box --><\/div> <!-- aio-icon-component --><div class=\"aio-icon-component   accent-icon-color accent-title-color style_1\"><div id=\"Info-box-wrap-2654\" class=\"aio-icon-box default-icon\" style=\"\"  ><div class=\"aio-icon-default\"><div class=\"ult-just-icon-wrapper  \"><div class=\"align-icon\" style=\"text-align:center;\">\n<div class=\"aio-icon none \"  style=\"color:#333;font-size:20px;display:inline-block;\">\n\t<i class=\"icomoon-the7-font-the7-phone-05\"><\/i>\n<\/div><\/div><\/div><\/div><div class=\"aio-icon-header\" ><h3 class=\"aio-icon-title ult-responsive\"  data-ultimate-target='#Info-box-wrap-2654 .aio-icon-title'  data-responsive-json-new='{\"font-size\":\"desktop:15px;\",\"line-height\":\"desktop:15px;\"}'  style=\"font-weight:bold;\">Tel\u00e8fon<\/h3><\/div> <!-- header --><div class=\"aio-icon-description ult-responsive\"  data-ultimate-target='#Info-box-wrap-2654 .aio-icon-description'  data-responsive-json-new='{\"font-size\":\"desktop:18px;\",\"line-height\":\"desktop:18px;\"}'  style=\"color:#222222;\">972162083<\/div> <!-- description --><\/div> <!-- aio-icon-box --><\/div> <!-- aio-icon-component -->[\/vc_column][\/vc_row][vc_row gap=&#8221;35&#8243; content_placement=&#8221;middle&#8221; css=&#8221;.vc_custom_1583938270454{margin-top: 35px !important;margin-bottom: 35px !important;}&#8221;][vc_column width=&#8221;1\/2&#8243; css=&#8221;.vc_custom_1583938560931{padding-top: 50px !important;padding-right: 40px !important;padding-bottom: 30px !important;padding-left: 40px !important;background-image: url(https:\/\/etecmed.com\/wp-content\/uploads\/2020\/03\/banner1.jpg?id=581) !important;background-position: center !important;background-repeat: no-repeat !important;background-size: cover !important;}&#8221;]<div class=\" ubtn-ctn-center \"><a class=\"ubtn-link ult-adjust-bottom-margin ubtn-center ubtn-large \" href=\"\/ca\/cataleg\/\" ><button type=\"button\" id=\"ubtn-1225\"  class=\"ubtn ult-adjust-bottom-margin ult-responsive ubtn-large ubtn-no-hover-bg  none  ubtn-center   tooltip-69f6681af3a0f\"  data-hover=\"\" data-border-color=\"\" data-bg=\"rgba(255,255,255,0.8)\" data-hover-bg=\"\" data-border-hover=\"\" data-shadow-hover=\"\" data-shadow-click=\"none\" data-shadow=\"\" data-shd-shadow=\"\"  data-ultimate-target='#ubtn-1225'  data-responsive-json-new='{\"font-size\":\"desktop:36px;\",\"line-height\":\"\"}'  style=\"font-family:&#039;Quicksand&#039;;font-weight:500;border:none;background: rgba(255,255,255,0.8);color: #333333;\"><span class=\"ubtn-hover\" style=\"background-color:\"><\/span><span class=\"ubtn-data ubtn-text \" >CAT\u00c0LEG<\/span><\/button><\/a><\/div>[\/vc_column][vc_column width=&#8221;1\/2&#8243; css=&#8221;.vc_custom_1583938566483{padding-top: 50px !important;padding-right: 40px !important;padding-bottom: 30px !important;padding-left: 40px !important;background-image: url(https:\/\/etecmed.com\/wp-content\/uploads\/2020\/03\/banner2.jpg?id=582) !important;background-position: center !important;background-repeat: no-repeat !important;background-size: cover !important;}&#8221;]<div class=\" ubtn-ctn-center \"><a class=\"ubtn-link ult-adjust-bottom-margin ubtn-center ubtn-large \" href=\"\/ca\/categoria-producte\/promocions\/\" ><button type=\"button\" id=\"ubtn-9639\"  class=\"ubtn ult-adjust-bottom-margin ult-responsive ubtn-large ubtn-no-hover-bg  none  ubtn-center   tooltip-69f6681af3a97\"  data-hover=\"\" data-border-color=\"\" data-bg=\"rgba(255,255,255,0.8)\" data-hover-bg=\"\" data-border-hover=\"\" data-shadow-hover=\"\" data-shadow-click=\"none\" data-shadow=\"\" data-shd-shadow=\"\"  data-ultimate-target='#ubtn-9639'  data-responsive-json-new='{\"font-size\":\"desktop:36px;\",\"line-height\":\"\"}'  style=\"font-family:&#039;Quicksand&#039;;font-weight:500;border:none;background: rgba(255,255,255,0.8);color: #333333;\"><span class=\"ubtn-hover\" style=\"background-color:\"><\/span><span class=\"ubtn-data ubtn-text \" >PROMOCIONS<\/span><\/button><\/a><\/div>[\/vc_column][\/vc_row][vc_row css=&#8221;.vc_custom_1584009452159{padding-top: 60px !important;padding-bottom: 60px !important;}&#8221;][vc_column width=&#8221;1\/3&#8243;]<div class=\"aio-icon-component    style_1\"><a class=\"aio-icon-box-link\" href=\"https:\/\/etecmed.com\/ca\/termes-i-condicions\/\" title=\"Termes i condicions\" ><div id=\"Info-box-wrap-9739\" class=\"aio-icon-box top-icon\" style=\"\"  ><div class=\"aio-icon-top\"><div class=\"ult-just-icon-wrapper  \"><div class=\"align-icon\" style=\"text-align:center;\">\n<div class=\"aio-icon-img \" style=\"font-size:150px;display:inline-block;\" >\n\t<img decoding=\"async\" class=\"img-icon\" alt=\"null\" src=\"https:\/\/etecmed.com\/wp-content\/uploads\/2020\/03\/icon1.png\"\/>\n<\/div><\/div><\/div><\/div><div class=\"aio-icon-header\" ><h3 class=\"aio-icon-title ult-responsive\"  data-ultimate-target='#Info-box-wrap-9739 .aio-icon-title'  data-responsive-json-new='{\"font-size\":\"\",\"line-height\":\"\"}'  style=\"\">GARANTIA<\/h3><\/div> <!-- header --><\/div> <!-- aio-icon-box --><\/a><\/div> <!-- aio-icon-component -->[\/vc_column][vc_column width=&#8221;1\/3&#8243;]<div class=\"aio-icon-component    style_1\"><a class=\"aio-icon-box-link\" href=\"https:\/\/etecmed.com\/ca\/contacta\/\" title=\"Contacta\" ><div id=\"Info-box-wrap-8381\" class=\"aio-icon-box top-icon\" style=\"\"  ><div class=\"aio-icon-top\"><div class=\"ult-just-icon-wrapper  \"><div class=\"align-icon\" style=\"text-align:center;\">\n<div class=\"aio-icon-img \" style=\"font-size:150px;display:inline-block;\" >\n\t<img decoding=\"async\" class=\"img-icon\" alt=\"null\" src=\"https:\/\/etecmed.com\/wp-content\/uploads\/2020\/03\/icon2.png\"\/>\n<\/div><\/div><\/div><\/div><div class=\"aio-icon-header\" ><h3 class=\"aio-icon-title ult-responsive\"  data-ultimate-target='#Info-box-wrap-8381 .aio-icon-title'  data-responsive-json-new='{\"font-size\":\"\",\"line-height\":\"\"}'  style=\"\">SERVEI T\u00c8CNIC<\/h3><\/div> <!-- header --><\/div> <!-- aio-icon-box --><\/a><\/div> <!-- aio-icon-component -->[\/vc_column][vc_column width=&#8221;1\/3&#8243;]<div class=\"aio-icon-component    style_1\"><a class=\"aio-icon-box-link\" href=\"https:\/\/etecmed.com\/ca\/enviaments-i-devolucions\/\" title=\"Enviaments i devolucions\" ><div id=\"Info-box-wrap-7746\" class=\"aio-icon-box top-icon\" style=\"\"  ><div class=\"aio-icon-top\"><div class=\"ult-just-icon-wrapper  \"><div class=\"align-icon\" style=\"text-align:center;\">\n<div class=\"aio-icon-img \" style=\"font-size:150px;display:inline-block;\" >\n\t<img decoding=\"async\" class=\"img-icon\" alt=\"null\" src=\"https:\/\/etecmed.com\/wp-content\/uploads\/2020\/03\/icon3.png\"\/>\n<\/div><\/div><\/div><\/div><div class=\"aio-icon-header\" ><h3 class=\"aio-icon-title ult-responsive\"  data-ultimate-target='#Info-box-wrap-7746 .aio-icon-title'  data-responsive-json-new='{\"font-size\":\"\",\"line-height\":\"\"}'  style=\"\">CANVIS I DEVOLUCIONS<\/h3><\/div> <!-- header --><\/div> <!-- aio-icon-box --><\/a><\/div> <!-- aio-icon-component -->[\/vc_column][\/vc_row]<\/p>\n<\/div>","protected":false},"excerpt":{"rendered":"<p>[vc_row css=&#8221;.vc_custom_1550662968482{margin-bottom: -20px !important;}&#8221;][vc_column width=&#8221;2\/3&#8243;][\/vc_column][vc_column width=&#8221;1\/3&#8243; css=&#8221;.vc_custom_1550662962464{padding-bottom: 20px !important;}&#8221;][\/vc_column][\/vc_row][vc_row gap=&#8221;35&#8243; content_placement=&#8221;middle&#8221; css=&#8221;.vc_custom_1583938270454{margin-top: 35px !important;margin-bottom: 35px !important;}&#8221;][vc_column width=&#8221;1\/2&#8243; css=&#8221;.vc_custom_1583938560931{padding-top: 50px !important;padding-right: 40px !important;padding-bottom: 30px !important;padding-left: 40px !important;background-image: url(https:\/\/etecmed.com\/wp-content\/uploads\/2020\/03\/banner1.jpg?id=581) !important;background-position: center !important;background-repeat: no-repeat !important;background-size: cover !important;}&#8221;][\/vc_column][vc_column width=&#8221;1\/2&#8243; css=&#8221;.vc_custom_1583938566483{padding-top: 50px !important;padding-right: 40px !important;padding-bottom: 30px !important;padding-left: 40px !important;background-image: url(https:\/\/etecmed.com\/wp-content\/uploads\/2020\/03\/banner2.jpg?id=582) !important;background-position: center !important;background-repeat: no-repeat !important;background-size: cover !important;}&#8221;][\/vc_column][\/vc_row][vc_row css=&#8221;.vc_custom_1584009452159{padding-top: 60px !important;padding-bottom:&hellip;<\/p>\n","protected":false},"author":1,"featured_media":0,"parent":0,"menu_order":50,"comment_status":"closed","ping_status":"closed","template":"","meta":{"footnotes":""},"class_list":["post-1544","page","type-page","status-publish","hentry","description-off"],"_links":{"self":[{"href":"https:\/\/etecmed.com\/ca\/wp-json\/wp\/v2\/pages\/1544","targetHints":{"allow":["GET"]}}],"collection":[{"href":"https:\/\/etecmed.com\/ca\/wp-json\/wp\/v2\/pages"}],"about":[{"href":"https:\/\/etecmed.com\/ca\/wp-json\/wp\/v2\/types\/page"}],"author":[{"embeddable":true,"href":"https:\/\/etecmed.com\/ca\/wp-json\/wp\/v2\/users\/1"}],"replies":[{"embeddable":true,"href":"https:\/\/etecmed.com\/ca\/wp-json\/wp\/v2\/comments?post=1544"}],"version-history":[{"count":4,"href":"https:\/\/etecmed.com\/ca\/wp-json\/wp\/v2\/pages\/1544\/revisions"}],"predecessor-version":[{"id":1603,"href":"https:\/\/etecmed.com\/ca\/wp-json\/wp\/v2\/pages\/1544\/revisions\/1603"}],"wp:attachment":[{"href":"https:\/\/etecmed.com\/ca\/wp-json\/wp\/v2\/media?parent=1544"}],"curies":[{"name":"wp","href":"https:\/\/api.w.org\/{rel}","templated":true}]}}